{"id":7201,"date":"2024-11-28T07:59:59","date_gmt":"2024-11-28T06:59:59","guid":{"rendered":"https:\/\/blogs.comillas.edu\/informeespana\/?page_id=7201"},"modified":"2025-03-10T08:24:46","modified_gmt":"2025-03-10T07:24:46","slug":"informe-espana-2024","status":"publish","type":"page","link":"https:\/\/blogs.comillas.edu\/informeespana\/informe-espana-2024\/","title":{"rendered":"Informe Espa\u00f1a 2024"},"content":{"rendered":"\r\n<ul class=\"wp-block-list\">\r\n<li style=\"list-style-type: none\">\r\n<ul>\r\n<li><a href=\"https:\/\/blogs.comillas.edu\/informeespana\/wp-content\/uploads\/sites\/93\/2025\/03\/Informe_Espana_2024_completo.pdf\">Informe completo<\/a><\/li>\r\n<li><a href=\"https:\/\/blogs.comillas.edu\/informeespana\/wp-content\/uploads\/sites\/93\/2025\/03\/Informe_Espana_2024_Consideraciones_Generales.pdf\">Consideraciones Generales: Redes sociales, pol\u00edtica y espacio p\u00fablico digital<\/a><\/li>\r\n<li><a href=\"https:\/\/blogs.comillas.edu\/informeespana\/wp-content\/uploads\/sites\/93\/2025\/03\/Informe_Espana_2024_Parte_Segunda.pdf\">Parte Segunda. Comunidades energ\u00e9ticas: situaci\u00f3n actual y prospectivas en Europa y Espa\u00f1a<\/a><\/li>\r\n<li>Parte tercera: Desarrollo e integraci\u00f3n social\r\n<ul>\r\n<li><a href=\"https:\/\/blogs.comillas.edu\/informeespana\/wp-content\/uploads\/sites\/93\/2025\/03\/Informe_Espana_2024_Capitulo_1.pdf\">Cap\u00edtulo 1: El mercado de trabajo en Espa\u00f1a tras la pandemia y la reforma laboral de 2021<\/a><\/li>\r\n<li><a href=\"https:\/\/blogs.comillas.edu\/informeespana\/wp-content\/uploads\/sites\/93\/2025\/03\/Informe_Espana_2024_Capitulo_2.pdf\">Cap\u00edtulo 2: Viejos y nuevos riesgos para la infancia: estrategias p\u00fablicas para afrontarlos<\/a><\/li>\r\n<li><a href=\"https:\/\/blogs.comillas.edu\/informeespana\/wp-content\/uploads\/sites\/93\/2025\/03\/Informe_Espana_2024_Capitulo_3.pdf\">Cap\u00edtulo 3: Horizontes cruzados: desaf\u00edos y estrategias en la gesti\u00f3n de la inmigraci\u00f3n en la Europa del siglo XXI<\/a><\/li>\r\n<\/ul>\r\n<\/li>\r\n<li>Parte cuarta: Redes y territorio\r\n<ul>\r\n<li><a href=\"https:\/\/blogs.comillas.edu\/informeespana\/wp-content\/uploads\/sites\/93\/2025\/03\/Informe_Espana_2024_Capitulo_4.pdf\">Cap\u00edtulo 4: La insostenible sociedad del desperdicio<\/a><\/li>\r\n<li><a href=\"https:\/\/blogs.comillas.edu\/informeespana\/wp-content\/uploads\/sites\/93\/2025\/03\/Informe_Espana_2024_Capitulo_5.pdf\">Cap\u00edtulo 5: Del vaciamiento del mundo rural al declive de las ciudades intermedias. Una estructura territorial desequilibrada<\/a><\/li>\r\n<\/ul>\r\n<\/li>\r\n<\/ul>\r\n<\/li>\r\n<\/ul>\r\n\r\n\r\n\r\n<p>&nbsp;<\/p>\r\n","protected":false},"excerpt":{"rendered":"<p>Informe completo Consideraciones Generales: Redes sociales, pol\u00edtica y espacio p\u00fablico digital Parte Segunda. Comunidades energ\u00e9ticas: situaci\u00f3n actual y prospectivas en Europa y Espa\u00f1a Parte tercera: Desarrollo e integraci\u00f3n social Cap\u00edtulo 1: El mercado de trabajo en Espa\u00f1a tras la pandemia y la reforma laboral de 2021 Cap\u00edtulo 2: Viejos y nuevos riesgos para la infancia: &#8230; <a title=\"Informe Espa\u00f1a 2024\" class=\"read-more\" href=\"https:\/\/blogs.comillas.edu\/informeespana\/informe-espana-2024\/\" aria-label=\"Leer m\u00e1s sobre Informe Espa\u00f1a 2024\">Leer m\u00e1s <\/a><\/p>\n","protected":false},"author":787,"featured_media":0,"parent":0,"menu_order":0,"comment_status":"closed","ping_status":"closed","template":"","meta":{"footnotes":""},"class_list":["post-7201","page","type-page","status-publish"],"_links":{"self":[{"href":"https:\/\/blogs.comillas.edu\/informeespana\/wp-json\/wp\/v2\/pages\/7201","targetHints":{"allow":["GET"]}}],"collection":[{"href":"https:\/\/blogs.comillas.edu\/informeespana\/wp-json\/wp\/v2\/pages"}],"about":[{"href":"https:\/\/blogs.comillas.edu\/informeespana\/wp-json\/wp\/v2\/types\/page"}],"author":[{"embeddable":true,"href":"https:\/\/blogs.comillas.edu\/informeespana\/wp-json\/wp\/v2\/users\/787"}],"replies":[{"embeddable":true,"href":"https:\/\/blogs.comillas.edu\/informeespana\/wp-json\/wp\/v2\/comments?post=7201"}],"version-history":[{"count":4,"href":"https:\/\/blogs.comillas.edu\/informeespana\/wp-json\/wp\/v2\/pages\/7201\/revisions"}],"predecessor-version":[{"id":7465,"href":"https:\/\/blogs.comillas.edu\/informeespana\/wp-json\/wp\/v2\/pages\/7201\/revisions\/7465"}],"wp:attachment":[{"href":"https:\/\/blogs.comillas.edu\/informeespana\/wp-json\/wp\/v2\/media?parent=7201"}],"curies":[{"name":"wp","href":"https:\/\/api.w.org\/{rel}","templated":true}]}}