{"id":6603,"date":"2021-11-22T08:41:51","date_gmt":"2021-11-22T07:41:51","guid":{"rendered":"https:\/\/blogs.comillas.edu\/informeespana\/?page_id=6603"},"modified":"2021-11-22T08:41:51","modified_gmt":"2021-11-22T07:41:51","slug":"informe-espana-2021","status":"publish","type":"page","link":"https:\/\/blogs.comillas.edu\/informeespana\/informe-espana-2021\/","title":{"rendered":"Informe Espa\u00f1a 2021"},"content":{"rendered":"\r\n<ul class=\"wp-block-list\">\r\n<li><a href=\"https:\/\/blogs.comillas.edu\/informeespana\/wp-content\/uploads\/sites\/93\/2021\/11\/Informe_Espa\u00f1a_2021_Completo.pdf\">Informe completo<\/a><\/li>\r\n<li><a href=\"https:\/\/blogs.comillas.edu\/informeespana\/wp-content\/uploads\/sites\/93\/2021\/11\/Informe_Espana_2021_Consideraciones_Generales_Pensar_desde_la_pandemia.pdf\">Consideraciones Generales: Pensar la pandemia<\/a><\/li>\r\n<li><a href=\"https:\/\/blogs.comillas.edu\/informeespana\/wp-content\/uploads\/sites\/93\/2021\/11\/Informe_Espana_2021_Parte_Segunda_Tras_la_pandemia.pdf\">Parte Segunda: Tras la pandemia, \u00bfel mundo de ayer o el mundo de ma\u00f1ana?<\/a><\/li>\r\n<li><a href=\"https:\/\/blogs.comillas.edu\/informeespana\/wp-content\/uploads\/sites\/93\/2021\/11\/Informe_Espana_2021_Capitulo_1.pdf\">Cap\u00edtulo 1: La econom\u00eda espa\u00f1ola ante la covid-19<\/a><\/li>\r\n<li><a href=\"https:\/\/blogs.comillas.edu\/informeespana\/wp-content\/uploads\/sites\/93\/2021\/11\/Informe_Espana_2021_Capitulo_2.pdf\">Cap\u00edtulo 2: Abandono educativo, bienestar emocional y pandemia<\/a><\/li>\r\n<li><a href=\"https:\/\/blogs.comillas.edu\/informeespana\/wp-content\/uploads\/sites\/93\/2021\/11\/Informe_Espana_2021_Capitulo_3.pdf\">Cap\u00edtulo 3: El impacto de la covid-19 en sanidad<\/a><\/li>\r\n<li><a href=\"https:\/\/blogs.comillas.edu\/informeespana\/wp-content\/uploads\/sites\/93\/2021\/11\/Informe_Espana_2021_Capitulo_4.pdf\">Cap\u00edtulo 4: La desigualdad y la pobreza en tiempos de covid-19<\/a><\/li>\r\n<li><a href=\"https:\/\/blogs.comillas.edu\/informeespana\/wp-content\/uploads\/sites\/93\/2021\/11\/Informe_Espana_2021_Capitulo_5.pdf\">Cap\u00edtulo 5: El futuro de los cuidados de larga duraci\u00f3n<\/a><\/li>\r\n<li><a href=\"https:\/\/blogs.comillas.edu\/informeespana\/wp-content\/uploads\/sites\/93\/2021\/11\/Informe_Espana_2021_Capitulo_6.pdf\">Cap\u00edtulo 6: El sistema auton\u00f3mico y la crisis sanitaria<\/a><\/li>\r\n<\/ul>\r\n\r\n\r\n\r\n<p>&nbsp;<\/p>\r\n","protected":false},"excerpt":{"rendered":"<p>Informe completo Consideraciones Generales: Pensar la pandemia Parte Segunda: Tras la pandemia, \u00bfel mundo de ayer o el mundo de ma\u00f1ana? Cap\u00edtulo 1: La econom\u00eda espa\u00f1ola ante la covid-19 Cap\u00edtulo 2: Abandono educativo, bienestar emocional y pandemia Cap\u00edtulo 3: El impacto de la covid-19 en sanidad Cap\u00edtulo 4: La desigualdad y la pobreza en tiempos &#8230; <a title=\"Informe Espa\u00f1a 2021\" class=\"read-more\" href=\"https:\/\/blogs.comillas.edu\/informeespana\/informe-espana-2021\/\" aria-label=\"Leer m\u00e1s sobre Informe Espa\u00f1a 2021\">Leer m\u00e1s <\/a><\/p>\n","protected":false},"author":201,"featured_media":0,"parent":0,"menu_order":0,"comment_status":"closed","ping_status":"closed","template":"","meta":{"footnotes":""},"class_list":["post-6603","page","type-page","status-publish"],"_links":{"self":[{"href":"https:\/\/blogs.comillas.edu\/informeespana\/wp-json\/wp\/v2\/pages\/6603","targetHints":{"allow":["GET"]}}],"collection":[{"href":"https:\/\/blogs.comillas.edu\/informeespana\/wp-json\/wp\/v2\/pages"}],"about":[{"href":"https:\/\/blogs.comillas.edu\/informeespana\/wp-json\/wp\/v2\/types\/page"}],"author":[{"embeddable":true,"href":"https:\/\/blogs.comillas.edu\/informeespana\/wp-json\/wp\/v2\/users\/201"}],"replies":[{"embeddable":true,"href":"https:\/\/blogs.comillas.edu\/informeespana\/wp-json\/wp\/v2\/comments?post=6603"}],"version-history":[{"count":3,"href":"https:\/\/blogs.comillas.edu\/informeespana\/wp-json\/wp\/v2\/pages\/6603\/revisions"}],"predecessor-version":[{"id":6613,"href":"https:\/\/blogs.comillas.edu\/informeespana\/wp-json\/wp\/v2\/pages\/6603\/revisions\/6613"}],"wp:attachment":[{"href":"https:\/\/blogs.comillas.edu\/informeespana\/wp-json\/wp\/v2\/media?parent=6603"}],"curies":[{"name":"wp","href":"https:\/\/api.w.org\/{rel}","templated":true}]}}