{"id":6339,"date":"2020-11-11T16:13:47","date_gmt":"2020-11-11T15:13:47","guid":{"rendered":"https:\/\/blogs.comillas.edu\/informeespana\/?page_id=6339"},"modified":"2020-11-11T16:13:47","modified_gmt":"2020-11-11T15:13:47","slug":"informe-espana-2020","status":"publish","type":"page","link":"https:\/\/blogs.comillas.edu\/informeespana\/informe-espana-2020\/","title":{"rendered":"Informe Espa\u00f1a 2020"},"content":{"rendered":"\r\n<ul class=\"wp-block-list\">\r\n<li><a href=\"https:\/\/blogs.comillas.edu\/informeespana\/wp-content\/uploads\/sites\/93\/2020\/10\/Informe-Espana-2020-1.pdf\">Informe completo<\/a><\/li>\r\n<li><a href=\"https:\/\/blogs.comillas.edu\/informeespana\/wp-content\/uploads\/sites\/93\/2020\/10\/Informe-Espana-2020-Consideraciones-Generales-1.pdf\">Consideraciones Generales: La larga crisis existencial de la uni\u00f3n europea<\/a><\/li>\r\n<li><a href=\"https:\/\/blogs.comillas.edu\/informeespana\/wp-content\/uploads\/sites\/93\/2020\/10\/Informe-Espana-2020-Parte-Segunda-1.pdf\">Parte Segunda: La soledad del siglo xxi<\/a><\/li>\r\n<li><a href=\"https:\/\/blogs.comillas.edu\/informeespana\/wp-content\/uploads\/sites\/93\/2020\/10\/Informe-Espana-2020-Cap.-1-1.pdf\">Cap\u00edtulo 1: Mercado de trabajo y desigualdad<\/a><\/li>\r\n<li><a href=\"https:\/\/blogs.comillas.edu\/informeespana\/wp-content\/uploads\/sites\/93\/2020\/10\/Informe-Espana-2020-Cap.-2-1.pdf\">Cap\u00edtulo 2: La escuela rural<\/a><\/li>\r\n<li><a href=\"https:\/\/blogs.comillas.edu\/informeespana\/wp-content\/uploads\/sites\/93\/2020\/10\/Informe-Espana-2020-Cap.-3-1.pdf\">Cap\u00edtulo 3: Los permisos para el cuidado de ni\u00f1os\/as<\/a><\/li>\r\n<li><a href=\"https:\/\/blogs.comillas.edu\/informeespana\/wp-content\/uploads\/sites\/93\/2020\/10\/Informe-Espana-2020-Cap.-4-1.pdf\">Cap\u00edtulo 4: Racismo y xenofobia en una sociedad diversa<\/a><\/li>\r\n<li><a href=\"https:\/\/blogs.comillas.edu\/informeespana\/wp-content\/uploads\/sites\/93\/2020\/10\/Informe-Espana-2020-Cap.-5-1.pdf\">Cap\u00edtulo 5: La vivienda en Espa\u00f1a<\/a><\/li>\r\n<li><a href=\"https:\/\/blogs.comillas.edu\/informeespana\/wp-content\/uploads\/sites\/93\/2020\/10\/Informe-Espana-2020-Cap.-6-1.pdf\">Cap\u00edtulo 6: Ciudades sostenibles y ecolog\u00eda integral<\/a><\/li>\r\n<\/ul>\r\n\r\n\r\n\r\n<p>&nbsp;<\/p>\r\n","protected":false},"excerpt":{"rendered":"<p>Informe completo Consideraciones Generales: La larga crisis existencial de la uni\u00f3n europea Parte Segunda: La soledad del siglo xxi Cap\u00edtulo 1: Mercado de trabajo y desigualdad Cap\u00edtulo 2: La escuela rural Cap\u00edtulo 3: Los permisos para el cuidado de ni\u00f1os\/as Cap\u00edtulo 4: Racismo y xenofobia en una sociedad diversa Cap\u00edtulo 5: La vivienda en Espa\u00f1a &#8230; <a title=\"Informe Espa\u00f1a 2020\" class=\"read-more\" href=\"https:\/\/blogs.comillas.edu\/informeespana\/informe-espana-2020\/\" aria-label=\"Leer m\u00e1s sobre Informe Espa\u00f1a 2020\">Leer m\u00e1s <\/a><\/p>\n","protected":false},"author":201,"featured_media":0,"parent":0,"menu_order":0,"comment_status":"closed","ping_status":"closed","template":"","meta":{"footnotes":""},"class_list":["post-6339","page","type-page","status-publish"],"_links":{"self":[{"href":"https:\/\/blogs.comillas.edu\/informeespana\/wp-json\/wp\/v2\/pages\/6339","targetHints":{"allow":["GET"]}}],"collection":[{"href":"https:\/\/blogs.comillas.edu\/informeespana\/wp-json\/wp\/v2\/pages"}],"about":[{"href":"https:\/\/blogs.comillas.edu\/informeespana\/wp-json\/wp\/v2\/types\/page"}],"author":[{"embeddable":true,"href":"https:\/\/blogs.comillas.edu\/informeespana\/wp-json\/wp\/v2\/users\/201"}],"replies":[{"embeddable":true,"href":"https:\/\/blogs.comillas.edu\/informeespana\/wp-json\/wp\/v2\/comments?post=6339"}],"version-history":[{"count":3,"href":"https:\/\/blogs.comillas.edu\/informeespana\/wp-json\/wp\/v2\/pages\/6339\/revisions"}],"predecessor-version":[{"id":6348,"href":"https:\/\/blogs.comillas.edu\/informeespana\/wp-json\/wp\/v2\/pages\/6339\/revisions\/6348"}],"wp:attachment":[{"href":"https:\/\/blogs.comillas.edu\/informeespana\/wp-json\/wp\/v2\/media?parent=6339"}],"curies":[{"name":"wp","href":"https:\/\/api.w.org\/{rel}","templated":true}]}}