{"id":3933,"date":"2019-05-08T13:36:39","date_gmt":"2019-05-08T11:36:39","guid":{"rendered":"https:\/\/blogs.comillas.edu\/informeespana\/?page_id=3933"},"modified":"2019-05-08T13:54:20","modified_gmt":"2019-05-08T11:54:20","slug":"informe-espana-2002","status":"publish","type":"page","link":"https:\/\/blogs.comillas.edu\/informeespana\/informe-espana-2002\/","title":{"rendered":"Informe Espa\u00f1a 2002"},"content":{"rendered":"\n<ul class=\"wp-block-list\"><li>Informe completo<\/li><li><a rel=\"noreferrer noopener\" aria-label=\" (abre en una nueva pesta\u00f1a)\" href=\"https:\/\/blogs.comillas.edu\/informeespana\/wp-content\/uploads\/sites\/93\/2019\/05\/IE2002ConGen.pdf\" target=\"_blank\">Consideraciones Generales<\/a><\/li><li><a href=\"https:\/\/blogs.comillas.edu\/informeespana\/wp-content\/uploads\/sites\/93\/2019\/05\/IE2002Parte-2\u00aa.pdf\">Parte Segunda: Sociedad Espa\u00f1ola 2002<\/a> <\/li><li><a rel=\"noreferrer noopener\" aria-label=\" (abre en una nueva pesta\u00f1a)\" href=\"https:\/\/blogs.comillas.edu\/informeespana\/wp-content\/uploads\/sites\/93\/2019\/05\/IE2002Cap1.pdf\" target=\"_blank\">Cap\u00edtulo 1: El empleo entre 1995 y 2001: Otra oportunidad de convergencia perdida<\/a>        <\/li><li><a rel=\"noreferrer noopener\" aria-label=\" (abre en una nueva pesta\u00f1a)\" href=\"https:\/\/blogs.comillas.edu\/informeespana\/wp-content\/uploads\/sites\/93\/2019\/05\/IE2002Cap2.pdf\" target=\"_blank\">Cap\u00edtulo 2: Descentralizaci\u00f3n de la educaci\u00f3n en el Estado Auton\u00f3mico <\/a>         <\/li><li><a rel=\"noreferrer noopener\" aria-label=\" (abre en una nueva pesta\u00f1a)\" href=\"https:\/\/blogs.comillas.edu\/informeespana\/wp-content\/uploads\/sites\/93\/2019\/05\/IE2002Cap3.pdf\" target=\"_blank\">Cap\u00edtulo 3: La familia, proveedora de bienestar<\/a>      <\/li><li><a href=\"https:\/\/blogs.comillas.edu\/informeespana\/wp-content\/uploads\/sites\/93\/2019\/05\/IE2002Cap4.pdf\">Cap\u00edtulo 4: Malos tratos a la mujer en la pareja<\/a>      <\/li><li><a rel=\"noreferrer noopener\" aria-label=\" (abre en una nueva pesta\u00f1a)\" href=\"https:\/\/blogs.comillas.edu\/informeespana\/wp-content\/uploads\/sites\/93\/2019\/05\/IE2002Cap5.pdf\" target=\"_blank\">Cap\u00edtulo 5: \u00bfConvergencia o divergencia econ\u00f3mica entre las Autonom\u00edas?   <\/a><\/li><li><a href=\"https:\/\/blogs.comillas.edu\/informeespana\/wp-content\/uploads\/sites\/93\/2019\/05\/IE2002Cap6.pdf\" target=\"_blank\" rel=\"noreferrer noopener\" aria-label=\" (abre en una nueva pesta\u00f1a)\">Cap\u00edtulo 6: Descentralizaci\u00f3n y servicios de bienestar<\/a><\/li><\/ul>\n","protected":false},"excerpt":{"rendered":"<p>Informe completo Consideraciones Generales Parte Segunda: Sociedad Espa\u00f1ola 2002 Cap\u00edtulo 1: El empleo entre 1995 y 2001: Otra oportunidad de convergencia perdida Cap\u00edtulo 2: Descentralizaci\u00f3n de la educaci\u00f3n en el Estado Auton\u00f3mico Cap\u00edtulo 3: La familia, proveedora de bienestar Cap\u00edtulo 4: Malos tratos a la mujer en la pareja Cap\u00edtulo 5: \u00bfConvergencia o divergencia econ\u00f3mica &#8230; <a title=\"Informe Espa\u00f1a 2002\" class=\"read-more\" href=\"https:\/\/blogs.comillas.edu\/informeespana\/informe-espana-2002\/\" aria-label=\"Leer m\u00e1s sobre Informe Espa\u00f1a 2002\">Leer m\u00e1s <\/a><\/p>\n","protected":false},"author":201,"featured_media":0,"parent":0,"menu_order":0,"comment_status":"closed","ping_status":"closed","template":"","meta":{"footnotes":""},"class_list":["post-3933","page","type-page","status-publish"],"_links":{"self":[{"href":"https:\/\/blogs.comillas.edu\/informeespana\/wp-json\/wp\/v2\/pages\/3933","targetHints":{"allow":["GET"]}}],"collection":[{"href":"https:\/\/blogs.comillas.edu\/informeespana\/wp-json\/wp\/v2\/pages"}],"about":[{"href":"https:\/\/blogs.comillas.edu\/informeespana\/wp-json\/wp\/v2\/types\/page"}],"author":[{"embeddable":true,"href":"https:\/\/blogs.comillas.edu\/informeespana\/wp-json\/wp\/v2\/users\/201"}],"replies":[{"embeddable":true,"href":"https:\/\/blogs.comillas.edu\/informeespana\/wp-json\/wp\/v2\/comments?post=3933"}],"version-history":[{"count":2,"href":"https:\/\/blogs.comillas.edu\/informeespana\/wp-json\/wp\/v2\/pages\/3933\/revisions"}],"predecessor-version":[{"id":3966,"href":"https:\/\/blogs.comillas.edu\/informeespana\/wp-json\/wp\/v2\/pages\/3933\/revisions\/3966"}],"wp:attachment":[{"href":"https:\/\/blogs.comillas.edu\/informeespana\/wp-json\/wp\/v2\/media?parent=3933"}],"curies":[{"name":"wp","href":"https:\/\/api.w.org\/{rel}","templated":true}]}}