{"id":3924,"date":"2019-05-08T13:34:51","date_gmt":"2019-05-08T11:34:51","guid":{"rendered":"https:\/\/blogs.comillas.edu\/informeespana\/?page_id=3924"},"modified":"2019-05-08T13:58:36","modified_gmt":"2019-05-08T11:58:36","slug":"informe-espana-2003","status":"publish","type":"page","link":"https:\/\/blogs.comillas.edu\/informeespana\/informe-espana-2003\/","title":{"rendered":"Informe Espa\u00f1a 2003"},"content":{"rendered":"\n<ul class=\"wp-block-list\"><li><a rel=\"noreferrer noopener\" aria-label=\"Informe completo (abre en una nueva pesta\u00f1a)\" href=\"https:\/\/blogs.comillas.edu\/informeespana\/wp-content\/uploads\/sites\/93\/2019\/05\/IE2003Nota-suelo-y-vivienda.pdf\" target=\"_blank\">Informe completo<\/a><\/li><li><a rel=\"noreferrer noopener\" aria-label=\"Consideraciones Generales (abre en una nueva pesta\u00f1a)\" href=\"https:\/\/blogs.comillas.edu\/informeespana\/wp-content\/uploads\/sites\/93\/2019\/05\/IE2003ConGen.pdf\" target=\"_blank\">Consideraciones Generales<\/a><\/li><li><a rel=\"noreferrer noopener\" aria-label=\" (abre en una nueva pesta\u00f1a)\" href=\"https:\/\/blogs.comillas.edu\/informeespana\/wp-content\/uploads\/sites\/93\/2019\/05\/IE2003Parte-2\u00aa.pdf\" target=\"_blank\">Parte Segunda: La Sociedad Espa\u00f1ola de 2003 <\/a><\/li><li><a href=\"https:\/\/blogs.comillas.edu\/informeespana\/wp-content\/uploads\/sites\/93\/2019\/05\/IE2003Cap1.pdf\">Cap\u00edtulo 1: Medio Ambiente y desarrollo sostenible      <\/a>  <\/li><li><a rel=\"noreferrer noopener\" aria-label=\" (abre en una nueva pesta\u00f1a)\" href=\"https:\/\/blogs.comillas.edu\/informeespana\/wp-content\/uploads\/sites\/93\/2019\/05\/IE2003Cap2.pdf\" target=\"_blank\">Cap\u00edtulo 2: Evaluaci\u00f3n de la calidad de la educaci\u00f3n <\/a>        <\/li><li><a rel=\"noreferrer noopener\" aria-label=\" (abre en una nueva pesta\u00f1a)\" href=\"https:\/\/blogs.comillas.edu\/informeespana\/wp-content\/uploads\/sites\/93\/2019\/05\/IE2003Cap3.pdf\" target=\"_blank\">Cap\u00edtulo 3: El Sistema Nacional de Salud: \u00bfseguir\u00e1 siendo un sistema?  <\/a>     <\/li><li><a rel=\"noreferrer noopener\" aria-label=\" (abre en una nueva pesta\u00f1a)\" href=\"https:\/\/blogs.comillas.edu\/informeespana\/wp-content\/uploads\/sites\/93\/2019\/05\/IE2003Cap4.pdf\" target=\"_blank\">Cap\u00edtulo 4: Descentralizaci\u00f3n de las pol\u00edticas de garant\u00eda de rentas<\/a>     <\/li><li><a href=\"https:\/\/blogs.comillas.edu\/informeespana\/wp-content\/uploads\/sites\/93\/2019\/05\/IE2003Cap5.pdf\" target=\"_blank\" rel=\"noreferrer noopener\" aria-label=\" (abre en una nueva pesta\u00f1a)\">Cap\u00edtulo 5: \u00bfSon sostenibles nuestras ciudades?  <\/a><\/li><\/ul>\n","protected":false},"excerpt":{"rendered":"<p>Informe completo Consideraciones Generales Parte Segunda: La Sociedad Espa\u00f1ola de 2003 Cap\u00edtulo 1: Medio Ambiente y desarrollo sostenible Cap\u00edtulo 2: Evaluaci\u00f3n de la calidad de la educaci\u00f3n Cap\u00edtulo 3: El Sistema Nacional de Salud: \u00bfseguir\u00e1 siendo un sistema? Cap\u00edtulo 4: Descentralizaci\u00f3n de las pol\u00edticas de garant\u00eda de rentas Cap\u00edtulo 5: \u00bfSon sostenibles nuestras ciudades?<\/p>\n","protected":false},"author":201,"featured_media":0,"parent":0,"menu_order":0,"comment_status":"closed","ping_status":"closed","template":"","meta":{"footnotes":""},"class_list":["post-3924","page","type-page","status-publish"],"_links":{"self":[{"href":"https:\/\/blogs.comillas.edu\/informeespana\/wp-json\/wp\/v2\/pages\/3924","targetHints":{"allow":["GET"]}}],"collection":[{"href":"https:\/\/blogs.comillas.edu\/informeespana\/wp-json\/wp\/v2\/pages"}],"about":[{"href":"https:\/\/blogs.comillas.edu\/informeespana\/wp-json\/wp\/v2\/types\/page"}],"author":[{"embeddable":true,"href":"https:\/\/blogs.comillas.edu\/informeespana\/wp-json\/wp\/v2\/users\/201"}],"replies":[{"embeddable":true,"href":"https:\/\/blogs.comillas.edu\/informeespana\/wp-json\/wp\/v2\/comments?post=3924"}],"version-history":[{"count":2,"href":"https:\/\/blogs.comillas.edu\/informeespana\/wp-json\/wp\/v2\/pages\/3924\/revisions"}],"predecessor-version":[{"id":3972,"href":"https:\/\/blogs.comillas.edu\/informeespana\/wp-json\/wp\/v2\/pages\/3924\/revisions\/3972"}],"wp:attachment":[{"href":"https:\/\/blogs.comillas.edu\/informeespana\/wp-json\/wp\/v2\/media?parent=3924"}],"curies":[{"name":"wp","href":"https:\/\/api.w.org\/{rel}","templated":true}]}}