{"id":3909,"date":"2019-05-08T13:31:12","date_gmt":"2019-05-08T11:31:12","guid":{"rendered":"https:\/\/blogs.comillas.edu\/informeespana\/?page_id=3909"},"modified":"2019-05-08T14:04:57","modified_gmt":"2019-05-08T12:04:57","slug":"informe-espana-2005","status":"publish","type":"page","link":"https:\/\/blogs.comillas.edu\/informeespana\/informe-espana-2005\/","title":{"rendered":"Informe Espa\u00f1a 2005"},"content":{"rendered":"\n<ul class=\"wp-block-list\"><li><a rel=\"noreferrer noopener\" aria-label=\" (abre en una nueva pesta\u00f1a)\" href=\"https:\/\/blogs.comillas.edu\/informeespana\/wp-content\/uploads\/sites\/93\/2019\/05\/Informe-Espa\u00f1a-2005-completo.pdf\" target=\"_blank\">Informe completo<\/a><\/li><li><a rel=\"noreferrer noopener\" aria-label=\" (abre en una nueva pesta\u00f1a)\" href=\"https:\/\/blogs.comillas.edu\/informeespana\/wp-content\/uploads\/sites\/93\/2019\/05\/IE2005ConGen.pdf\" target=\"_blank\">Consideraciones Generales<\/a><\/li><li><a rel=\"noreferrer noopener\" aria-label=\" (abre en una nueva pesta\u00f1a)\" href=\"https:\/\/blogs.comillas.edu\/informeespana\/wp-content\/uploads\/sites\/93\/2019\/05\/IE2005Parte-2\u00aa.pdf\" target=\"_blank\">Parte Segunda: La Sociedad Espa\u00f1ola de 2005: Preocupaci\u00f3n por la violencia    <\/a> <\/li><li><a rel=\"noreferrer noopener\" aria-label=\" (abre en una nueva pesta\u00f1a)\" href=\"https:\/\/blogs.comillas.edu\/informeespana\/wp-content\/uploads\/sites\/93\/2019\/05\/IE2005Cap1.pdf\" target=\"_blank\">Cap\u00edtulo 1: Un modelo energ\u00e9tico insostenible<\/a>      <\/li><li><a href=\"https:\/\/blogs.comillas.edu\/informeespana\/wp-content\/uploads\/sites\/93\/2019\/05\/IE2005Cap2.pdf\">Cap\u00edtulo 2: Integraci\u00f3n de los inmigrantes a trav\u00e9s de la escuela  <\/a>     <\/li><li><a rel=\"noreferrer noopener\" aria-label=\" (abre en una nueva pesta\u00f1a)\" href=\"https:\/\/blogs.comillas.edu\/informeespana\/wp-content\/uploads\/sites\/93\/2019\/05\/IE2005Cap3.pdf\" target=\"_blank\">Cap\u00edtulo 3: Los j\u00f3venes y su sentido de la vida   <\/a>  <\/li><li><a rel=\"noreferrer noopener\" aria-label=\" (abre en una nueva pesta\u00f1a)\" href=\"https:\/\/blogs.comillas.edu\/informeespana\/wp-content\/uploads\/sites\/93\/2019\/05\/IE2005Cap4.pdf\" target=\"_blank\">Cap\u00edtulo 4: La nueva movilidad residencial <\/a>    <\/li><li><a href=\"https:\/\/blogs.comillas.edu\/informeespana\/wp-content\/uploads\/sites\/93\/2019\/05\/IE2005Cap5.pdf\" target=\"_blank\" rel=\"noreferrer noopener\" aria-label=\" (abre en una nueva pesta\u00f1a)\">Cap\u00edtulo 5: Poderes locales<\/a>   <\/li><\/ul>\n","protected":false},"excerpt":{"rendered":"<p>Informe completo Consideraciones Generales Parte Segunda: La Sociedad Espa\u00f1ola de 2005: Preocupaci\u00f3n por la violencia Cap\u00edtulo 1: Un modelo energ\u00e9tico insostenible Cap\u00edtulo 2: Integraci\u00f3n de los inmigrantes a trav\u00e9s de la escuela Cap\u00edtulo 3: Los j\u00f3venes y su sentido de la vida Cap\u00edtulo 4: La nueva movilidad residencial Cap\u00edtulo 5: Poderes locales<\/p>\n","protected":false},"author":201,"featured_media":0,"parent":0,"menu_order":0,"comment_status":"closed","ping_status":"closed","template":"","meta":{"footnotes":""},"class_list":["post-3909","page","type-page","status-publish"],"_links":{"self":[{"href":"https:\/\/blogs.comillas.edu\/informeespana\/wp-json\/wp\/v2\/pages\/3909","targetHints":{"allow":["GET"]}}],"collection":[{"href":"https:\/\/blogs.comillas.edu\/informeespana\/wp-json\/wp\/v2\/pages"}],"about":[{"href":"https:\/\/blogs.comillas.edu\/informeespana\/wp-json\/wp\/v2\/types\/page"}],"author":[{"embeddable":true,"href":"https:\/\/blogs.comillas.edu\/informeespana\/wp-json\/wp\/v2\/users\/201"}],"replies":[{"embeddable":true,"href":"https:\/\/blogs.comillas.edu\/informeespana\/wp-json\/wp\/v2\/comments?post=3909"}],"version-history":[{"count":3,"href":"https:\/\/blogs.comillas.edu\/informeespana\/wp-json\/wp\/v2\/pages\/3909\/revisions"}],"predecessor-version":[{"id":3996,"href":"https:\/\/blogs.comillas.edu\/informeespana\/wp-json\/wp\/v2\/pages\/3909\/revisions\/3996"}],"wp:attachment":[{"href":"https:\/\/blogs.comillas.edu\/informeespana\/wp-json\/wp\/v2\/media?parent=3909"}],"curies":[{"name":"wp","href":"https:\/\/api.w.org\/{rel}","templated":true}]}}