{"id":3888,"date":"2019-05-08T13:24:46","date_gmt":"2019-05-08T11:24:46","guid":{"rendered":"https:\/\/blogs.comillas.edu\/informeespana\/?page_id=3888"},"modified":"2019-05-08T15:45:56","modified_gmt":"2019-05-08T13:45:56","slug":"informe-espana-2008","status":"publish","type":"page","link":"https:\/\/blogs.comillas.edu\/informeespana\/informe-espana-2008\/","title":{"rendered":"Informe Espa\u00f1a 2008"},"content":{"rendered":"\n<ul class=\"wp-block-list\"><li><a rel=\"noreferrer noopener\" aria-label=\" (abre en una nueva pesta\u00f1a)\" href=\"https:\/\/blogs.comillas.edu\/informeespana\/wp-content\/uploads\/sites\/93\/2019\/05\/Informe-Espa\u00f1a-2008-completo.pdf\" target=\"_blank\">Informe completo<\/a><\/li><li><a rel=\"noreferrer noopener\" aria-label=\" (abre en una nueva pesta\u00f1a)\" href=\"https:\/\/blogs.comillas.edu\/informeespana\/wp-content\/uploads\/sites\/93\/2019\/05\/IE2008ConGen.pdf\" target=\"_blank\">Consideraciones Generales<\/a><\/li><li><a rel=\"noreferrer noopener\" aria-label=\" (abre en una nueva pesta\u00f1a)\" href=\"https:\/\/blogs.comillas.edu\/informeespana\/wp-content\/uploads\/sites\/93\/2019\/05\/IE2008Parte-2\u00aa.pdf\" target=\"_blank\">Parte Segunda: El di\u00e1logo social, clave de nuestro progreso democr\u00e1tico <\/a>  <\/li><li><a rel=\"noreferrer noopener\" aria-label=\" (abre en una nueva pesta\u00f1a)\" href=\"https:\/\/blogs.comillas.edu\/informeespana\/wp-content\/uploads\/sites\/93\/2019\/05\/IE2008Cap1.pdf\" target=\"_blank\">Cap\u00edtulo 1: Cambio clim\u00e1tico: Debate cient\u00edfico, percepci\u00f3n social y adaptaci\u00f3n<\/a>   <\/li><li><a rel=\"noreferrer noopener\" aria-label=\" (abre en una nueva pesta\u00f1a)\" href=\"https:\/\/blogs.comillas.edu\/informeespana\/wp-content\/uploads\/sites\/93\/2019\/05\/IE2008Cap2.pdf\" target=\"_blank\">Cap\u00edtulo 2: Desarrollo sostenible y empresa<\/a>     <\/li><li><a rel=\"noreferrer noopener\" aria-label=\" (abre en una nueva pesta\u00f1a)\" href=\"https:\/\/blogs.comillas.edu\/informeespana\/wp-content\/uploads\/sites\/93\/2019\/05\/IE2008Cap3.pdf\" target=\"_blank\">Cap\u00edtulo 3: Las demandas educativas de la diversidad<\/a>  <\/li><li><a rel=\"noreferrer noopener\" aria-label=\" (abre en una nueva pesta\u00f1a)\" href=\"https:\/\/blogs.comillas.edu\/informeespana\/wp-content\/uploads\/sites\/93\/2019\/05\/IE2008Cap4.pdf\" target=\"_blank\">Cap\u00edtulo 4: Agua y sostenibilidad, elementos para el debate<\/a>    <\/li><li><a href=\"https:\/\/blogs.comillas.edu\/informeespana\/wp-content\/uploads\/sites\/93\/2019\/05\/IE2008Cap5.pdf\" target=\"_blank\" rel=\"noreferrer noopener\" aria-label=\" (abre en una nueva pesta\u00f1a)\">Cap\u00edtulo 5: Una movilidad insostenible    <\/a><\/li><\/ul>\n","protected":false},"excerpt":{"rendered":"<p>Informe completo Consideraciones Generales Parte Segunda: El di\u00e1logo social, clave de nuestro progreso democr\u00e1tico Cap\u00edtulo 1: Cambio clim\u00e1tico: Debate cient\u00edfico, percepci\u00f3n social y adaptaci\u00f3n Cap\u00edtulo 2: Desarrollo sostenible y empresa Cap\u00edtulo 3: Las demandas educativas de la diversidad Cap\u00edtulo 4: Agua y sostenibilidad, elementos para el debate Cap\u00edtulo 5: Una movilidad insostenible<\/p>\n","protected":false},"author":201,"featured_media":0,"parent":0,"menu_order":0,"comment_status":"closed","ping_status":"closed","template":"","meta":{"footnotes":""},"class_list":["post-3888","page","type-page","status-publish"],"_links":{"self":[{"href":"https:\/\/blogs.comillas.edu\/informeespana\/wp-json\/wp\/v2\/pages\/3888","targetHints":{"allow":["GET"]}}],"collection":[{"href":"https:\/\/blogs.comillas.edu\/informeespana\/wp-json\/wp\/v2\/pages"}],"about":[{"href":"https:\/\/blogs.comillas.edu\/informeespana\/wp-json\/wp\/v2\/types\/page"}],"author":[{"embeddable":true,"href":"https:\/\/blogs.comillas.edu\/informeespana\/wp-json\/wp\/v2\/users\/201"}],"replies":[{"embeddable":true,"href":"https:\/\/blogs.comillas.edu\/informeespana\/wp-json\/wp\/v2\/comments?post=3888"}],"version-history":[{"count":2,"href":"https:\/\/blogs.comillas.edu\/informeespana\/wp-json\/wp\/v2\/pages\/3888\/revisions"}],"predecessor-version":[{"id":4008,"href":"https:\/\/blogs.comillas.edu\/informeespana\/wp-json\/wp\/v2\/pages\/3888\/revisions\/4008"}],"wp:attachment":[{"href":"https:\/\/blogs.comillas.edu\/informeespana\/wp-json\/wp\/v2\/media?parent=3888"}],"curies":[{"name":"wp","href":"https:\/\/api.w.org\/{rel}","templated":true}]}}