{"id":3879,"date":"2019-05-08T13:22:38","date_gmt":"2019-05-08T11:22:38","guid":{"rendered":"https:\/\/blogs.comillas.edu\/informeespana\/?page_id=3879"},"modified":"2019-05-08T13:22:41","modified_gmt":"2019-05-08T11:22:41","slug":"informe-espana-2009","status":"publish","type":"page","link":"https:\/\/blogs.comillas.edu\/informeespana\/informe-espana-2009\/","title":{"rendered":"Informe Espa\u00f1a 2009"},"content":{"rendered":"\n<ul class=\"wp-block-list\"><li>Informe completo<\/li><li>Consideraciones Generales<\/li><li>Parte Segunda: \u00bfHacia un nuevo pacto laico?  <\/li><li>Cap\u00edtulo 1: Empleo y cohesi\u00f3n social     <\/li><li>Cap\u00edtulo 2: El futuro de la mujer rural. El caso de Castilla y Le\u00f3n     <\/li><li>Cap\u00edtulo 3: La aplicaci\u00f3n pedag\u00f3gica de las TIC   <\/li><li>Cap\u00edtulo 4: Opini\u00f3n p\u00fablica y debate nuclear   <\/li><li>Cap\u00edtulo 5: El coste de la no reforma del Senado   <\/li><\/ul>\n","protected":false},"excerpt":{"rendered":"<p>Informe completo Consideraciones Generales Parte Segunda: \u00bfHacia un nuevo pacto laico? Cap\u00edtulo 1: Empleo y cohesi\u00f3n social Cap\u00edtulo 2: El futuro de la mujer rural. El caso de Castilla y Le\u00f3n Cap\u00edtulo 3: La aplicaci\u00f3n pedag\u00f3gica de las TIC Cap\u00edtulo 4: Opini\u00f3n p\u00fablica y debate nuclear Cap\u00edtulo 5: El coste de la no reforma del &#8230; <a title=\"Informe Espa\u00f1a 2009\" class=\"read-more\" href=\"https:\/\/blogs.comillas.edu\/informeespana\/informe-espana-2009\/\" aria-label=\"Leer m\u00e1s sobre Informe Espa\u00f1a 2009\">Leer m\u00e1s <\/a><\/p>\n","protected":false},"author":201,"featured_media":0,"parent":0,"menu_order":0,"comment_status":"closed","ping_status":"closed","template":"","meta":{"footnotes":""},"class_list":["post-3879","page","type-page","status-publish"],"_links":{"self":[{"href":"https:\/\/blogs.comillas.edu\/informeespana\/wp-json\/wp\/v2\/pages\/3879","targetHints":{"allow":["GET"]}}],"collection":[{"href":"https:\/\/blogs.comillas.edu\/informeespana\/wp-json\/wp\/v2\/pages"}],"about":[{"href":"https:\/\/blogs.comillas.edu\/informeespana\/wp-json\/wp\/v2\/types\/page"}],"author":[{"embeddable":true,"href":"https:\/\/blogs.comillas.edu\/informeespana\/wp-json\/wp\/v2\/users\/201"}],"replies":[{"embeddable":true,"href":"https:\/\/blogs.comillas.edu\/informeespana\/wp-json\/wp\/v2\/comments?post=3879"}],"version-history":[{"count":1,"href":"https:\/\/blogs.comillas.edu\/informeespana\/wp-json\/wp\/v2\/pages\/3879\/revisions"}],"predecessor-version":[{"id":3885,"href":"https:\/\/blogs.comillas.edu\/informeespana\/wp-json\/wp\/v2\/pages\/3879\/revisions\/3885"}],"wp:attachment":[{"href":"https:\/\/blogs.comillas.edu\/informeespana\/wp-json\/wp\/v2\/media?parent=3879"}],"curies":[{"name":"wp","href":"https:\/\/api.w.org\/{rel}","templated":true}]}}