{"id":3873,"date":"2019-05-08T13:20:19","date_gmt":"2019-05-08T11:20:19","guid":{"rendered":"https:\/\/blogs.comillas.edu\/informeespana\/?page_id=3873"},"modified":"2019-05-08T15:52:49","modified_gmt":"2019-05-08T13:52:49","slug":"informe-espana-2010","status":"publish","type":"page","link":"https:\/\/blogs.comillas.edu\/informeespana\/informe-espana-2010\/","title":{"rendered":"Informe Espa\u00f1a 2010"},"content":{"rendered":"\n<ul class=\"wp-block-list\"><li><a rel=\"noreferrer noopener\" aria-label=\" (abre en una nueva pesta\u00f1a)\" href=\"https:\/\/blogs.comillas.edu\/informeespana\/wp-content\/uploads\/sites\/93\/2019\/05\/Informe-Espa\u00f1a-2010-completo.pdf\" target=\"_blank\">Informe completo<\/a><\/li><li><a href=\"https:\/\/blogs.comillas.edu\/informeespana\/wp-content\/uploads\/sites\/93\/2019\/05\/IE2010ConGen.pdf\">Consideraciones Generales<\/a><\/li><li><a rel=\"noreferrer noopener\" aria-label=\" (abre en una nueva pesta\u00f1a)\" href=\"https:\/\/blogs.comillas.edu\/informeespana\/wp-content\/uploads\/sites\/93\/2019\/05\/IE2010Parte-2\u00aa.pdf\" target=\"_blank\">Parte Segunda: La opini\u00f3n ciudadana sobre el Estado Auton\u00f3mico <\/a><\/li><li><a rel=\"noreferrer noopener\" aria-label=\" (abre en una nueva pesta\u00f1a)\" href=\"https:\/\/blogs.comillas.edu\/informeespana\/wp-content\/uploads\/sites\/93\/2019\/05\/IE2010Cap1.pdf\" target=\"_blank\">Cap\u00edtulo 1: La Formaci\u00f3n Profesional en Espa\u00f1a. Evoluci\u00f3n y perspectivas <\/a>   <\/li><li><a rel=\"noreferrer noopener\" aria-label=\" (abre en una nueva pesta\u00f1a)\" href=\"https:\/\/blogs.comillas.edu\/informeespana\/wp-content\/uploads\/sites\/93\/2019\/05\/IE2010Cap2.pdf\" target=\"_blank\">Cap\u00edtulo 2: Los adolescentes en la ESO<\/a>    <\/li><li><a rel=\"noreferrer noopener\" aria-label=\" (abre en una nueva pesta\u00f1a)\" href=\"https:\/\/blogs.comillas.edu\/informeespana\/wp-content\/uploads\/sites\/93\/2019\/05\/IE2010Cap3.pdf\" target=\"_blank\">Cap\u00edtulo 3: Incertidumbres en torno a las personas mayores<\/a>  <\/li><li><a rel=\"noreferrer noopener\" aria-label=\" (abre en una nueva pesta\u00f1a)\" href=\"https:\/\/blogs.comillas.edu\/informeespana\/wp-content\/uploads\/sites\/93\/2019\/05\/IE2010Cap4.pdf\" target=\"_blank\">Cap\u00edtulo 4: Las profesiones sanitarias  <\/a><\/li><li><a href=\"https:\/\/blogs.comillas.edu\/informeespana\/wp-content\/uploads\/sites\/93\/2019\/05\/IE2010Cap5.pdf\" target=\"_blank\" rel=\"noreferrer noopener\" aria-label=\" (abre en una nueva pesta\u00f1a)\">Cap\u00edtulo 5: Situaci\u00f3n actual y perspectivas de la electricidad renovable<\/a>  <\/li><\/ul>\n","protected":false},"excerpt":{"rendered":"<p>Informe completo Consideraciones Generales Parte Segunda: La opini\u00f3n ciudadana sobre el Estado Auton\u00f3mico Cap\u00edtulo 1: La Formaci\u00f3n Profesional en Espa\u00f1a. Evoluci\u00f3n y perspectivas Cap\u00edtulo 2: Los adolescentes en la ESO Cap\u00edtulo 3: Incertidumbres en torno a las personas mayores Cap\u00edtulo 4: Las profesiones sanitarias Cap\u00edtulo 5: Situaci\u00f3n actual y perspectivas de la electricidad renovable<\/p>\n","protected":false},"author":201,"featured_media":0,"parent":0,"menu_order":0,"comment_status":"closed","ping_status":"closed","template":"","meta":{"footnotes":""},"class_list":["post-3873","page","type-page","status-publish"],"_links":{"self":[{"href":"https:\/\/blogs.comillas.edu\/informeespana\/wp-json\/wp\/v2\/pages\/3873","targetHints":{"allow":["GET"]}}],"collection":[{"href":"https:\/\/blogs.comillas.edu\/informeespana\/wp-json\/wp\/v2\/pages"}],"about":[{"href":"https:\/\/blogs.comillas.edu\/informeespana\/wp-json\/wp\/v2\/types\/page"}],"author":[{"embeddable":true,"href":"https:\/\/blogs.comillas.edu\/informeespana\/wp-json\/wp\/v2\/users\/201"}],"replies":[{"embeddable":true,"href":"https:\/\/blogs.comillas.edu\/informeespana\/wp-json\/wp\/v2\/comments?post=3873"}],"version-history":[{"count":2,"href":"https:\/\/blogs.comillas.edu\/informeespana\/wp-json\/wp\/v2\/pages\/3873\/revisions"}],"predecessor-version":[{"id":4011,"href":"https:\/\/blogs.comillas.edu\/informeespana\/wp-json\/wp\/v2\/pages\/3873\/revisions\/4011"}],"wp:attachment":[{"href":"https:\/\/blogs.comillas.edu\/informeespana\/wp-json\/wp\/v2\/media?parent=3873"}],"curies":[{"name":"wp","href":"https:\/\/api.w.org\/{rel}","templated":true}]}}