{"id":3867,"date":"2019-05-08T13:18:41","date_gmt":"2019-05-08T11:18:41","guid":{"rendered":"https:\/\/blogs.comillas.edu\/informeespana\/?page_id=3867"},"modified":"2019-05-08T16:07:07","modified_gmt":"2019-05-08T14:07:07","slug":"informe-espana-2011","status":"publish","type":"page","link":"https:\/\/blogs.comillas.edu\/informeespana\/informe-espana-2011\/","title":{"rendered":"Informe Espa\u00f1a 2011"},"content":{"rendered":"\n<ul class=\"wp-block-list\"><li><a rel=\"noreferrer noopener\" aria-label=\" (abre en una nueva pesta\u00f1a)\" href=\"https:\/\/blogs.comillas.edu\/informeespana\/wp-content\/uploads\/sites\/93\/2019\/05\/Informe-Espa\u00f1a-2011-completo.pdf\" target=\"_blank\">Informe completo<\/a><\/li><li><a rel=\"noreferrer noopener\" aria-label=\" (abre en una nueva pesta\u00f1a)\" href=\"https:\/\/blogs.comillas.edu\/informeespana\/wp-content\/uploads\/sites\/93\/2019\/05\/IE2011ConGen.pdf\" target=\"_blank\">Consideraciones Generales<\/a><\/li><li><a href=\"https:\/\/blogs.comillas.edu\/informeespana\/wp-content\/uploads\/sites\/93\/2019\/05\/IE2011Parte-2\u00aa.pdf\">Parte Segunda: El deporte en Espa\u00f1a. Un enfoque sociol\u00f3gico <\/a><\/li><li><a rel=\"noreferrer noopener\" aria-label=\" (abre en una nueva pesta\u00f1a)\" href=\"https:\/\/blogs.comillas.edu\/informeespana\/wp-content\/uploads\/sites\/93\/2019\/05\/IE2011Cap1.pdf\" target=\"_blank\">Cap\u00edtulo 1: Situaci\u00f3n del mercado de trabajo y de las pol\u00edticas laborales    <\/a><\/li><li><a rel=\"noreferrer noopener\" aria-label=\" (abre en una nueva pesta\u00f1a)\" href=\"https:\/\/blogs.comillas.edu\/informeespana\/wp-content\/uploads\/sites\/93\/2019\/05\/IE2011Cap2.pdf\" target=\"_blank\">Cap\u00edtulo 2: Las universidades: nuevos retos, nuevas respuestas <\/a>  <\/li><li><a rel=\"noreferrer noopener\" aria-label=\" (abre en una nueva pesta\u00f1a)\" href=\"https:\/\/blogs.comillas.edu\/informeespana\/wp-content\/uploads\/sites\/93\/2019\/05\/IE2011Cap3.pdf\" target=\"_blank\">Cap\u00edtulo 3: La fortaleza de la familia como pilar ante la crisis socioecon\u00f3mica<\/a>  <\/li><li><a rel=\"noreferrer noopener\" aria-label=\" (abre en una nueva pesta\u00f1a)\" href=\"https:\/\/blogs.comillas.edu\/informeespana\/wp-content\/uploads\/sites\/93\/2019\/05\/IE2011Cap4.pdf\" target=\"_blank\">Cap\u00edtulo 4: Inmigraci\u00f3n y crisis econ\u00f3mica: el verdadero examen de la integraci\u00f3n<\/a> <\/li><li><a href=\"https:\/\/blogs.comillas.edu\/informeespana\/wp-content\/uploads\/sites\/93\/2019\/05\/IE2011Cap5.pdf\" target=\"_blank\" rel=\"noreferrer noopener\" aria-label=\" (abre en una nueva pesta\u00f1a)\">Cap\u00edtulo 5: Estratificaci\u00f3n y clases sociales<\/a>  <\/li><\/ul>\n","protected":false},"excerpt":{"rendered":"<p>Informe completo Consideraciones Generales Parte Segunda: El deporte en Espa\u00f1a. Un enfoque sociol\u00f3gico Cap\u00edtulo 1: Situaci\u00f3n del mercado de trabajo y de las pol\u00edticas laborales Cap\u00edtulo 2: Las universidades: nuevos retos, nuevas respuestas Cap\u00edtulo 3: La fortaleza de la familia como pilar ante la crisis socioecon\u00f3mica Cap\u00edtulo 4: Inmigraci\u00f3n y crisis econ\u00f3mica: el verdadero examen &#8230; <a title=\"Informe Espa\u00f1a 2011\" class=\"read-more\" href=\"https:\/\/blogs.comillas.edu\/informeespana\/informe-espana-2011\/\" aria-label=\"Leer m\u00e1s sobre Informe Espa\u00f1a 2011\">Leer m\u00e1s <\/a><\/p>\n","protected":false},"author":201,"featured_media":0,"parent":0,"menu_order":0,"comment_status":"closed","ping_status":"closed","template":"","meta":{"footnotes":""},"class_list":["post-3867","page","type-page","status-publish"],"_links":{"self":[{"href":"https:\/\/blogs.comillas.edu\/informeespana\/wp-json\/wp\/v2\/pages\/3867","targetHints":{"allow":["GET"]}}],"collection":[{"href":"https:\/\/blogs.comillas.edu\/informeespana\/wp-json\/wp\/v2\/pages"}],"about":[{"href":"https:\/\/blogs.comillas.edu\/informeespana\/wp-json\/wp\/v2\/types\/page"}],"author":[{"embeddable":true,"href":"https:\/\/blogs.comillas.edu\/informeespana\/wp-json\/wp\/v2\/users\/201"}],"replies":[{"embeddable":true,"href":"https:\/\/blogs.comillas.edu\/informeespana\/wp-json\/wp\/v2\/comments?post=3867"}],"version-history":[{"count":2,"href":"https:\/\/blogs.comillas.edu\/informeespana\/wp-json\/wp\/v2\/pages\/3867\/revisions"}],"predecessor-version":[{"id":4017,"href":"https:\/\/blogs.comillas.edu\/informeespana\/wp-json\/wp\/v2\/pages\/3867\/revisions\/4017"}],"wp:attachment":[{"href":"https:\/\/blogs.comillas.edu\/informeespana\/wp-json\/wp\/v2\/media?parent=3867"}],"curies":[{"name":"wp","href":"https:\/\/api.w.org\/{rel}","templated":true}]}}