{"id":3843,"date":"2019-05-08T13:09:22","date_gmt":"2019-05-08T11:09:22","guid":{"rendered":"https:\/\/blogs.comillas.edu\/informeespana\/?page_id=3843"},"modified":"2019-05-08T16:15:07","modified_gmt":"2019-05-08T14:15:07","slug":"informe-espana-2013","status":"publish","type":"page","link":"https:\/\/blogs.comillas.edu\/informeespana\/informe-espana-2013\/","title":{"rendered":"Informe Espa\u00f1a 2013"},"content":{"rendered":"\n<ul class=\"wp-block-list\"><li>Informe completo<\/li><li><a rel=\"noreferrer noopener\" aria-label=\" (abre en una nueva pesta\u00f1a)\" href=\"https:\/\/blogs.comillas.edu\/informeespana\/wp-content\/uploads\/sites\/93\/2019\/05\/IE2013ConGen.pdf\" target=\"_blank\">Consideraciones Generales<\/a><\/li><li><a href=\"https:\/\/blogs.comillas.edu\/informeespana\/wp-content\/uploads\/sites\/93\/2019\/05\/IE2013Parte-2\u00aa.pdf\">Parte Segunda: Por unos horarios m\u00e1s sociales<\/a>  <\/li><li><a rel=\"noreferrer noopener\" aria-label=\" (abre en una nueva pesta\u00f1a)\" href=\"https:\/\/blogs.comillas.edu\/informeespana\/wp-content\/uploads\/sites\/93\/2019\/05\/IE2013Cap1.pdf\" target=\"_blank\">Cap\u00edtulo 1: Las mujeres: otra vez en la encrucijada<\/a>  <\/li><li><a rel=\"noreferrer noopener\" aria-label=\" (abre en una nueva pesta\u00f1a)\" href=\"https:\/\/blogs.comillas.edu\/informeespana\/wp-content\/uploads\/sites\/93\/2019\/05\/IE2013Cap2.pdf\" target=\"_blank\">Cap\u00edtulo 2: Los j\u00f3venes hoy: aprender a tomar decisiones en un entorno enmara\u00f1ado  <\/a><\/li><li><a rel=\"noreferrer noopener\" aria-label=\" (abre en una nueva pesta\u00f1a)\" href=\"https:\/\/blogs.comillas.edu\/informeespana\/wp-content\/uploads\/sites\/93\/2019\/05\/IE2013Cap3.pdf\" target=\"_blank\">Cap\u00edtulo 3: Los mayores: m\u00e1s protagonistas, nuevos retos <\/a><\/li><li><a rel=\"noreferrer noopener\" aria-label=\" (abre en una nueva pesta\u00f1a)\" href=\"https:\/\/blogs.comillas.edu\/informeespana\/wp-content\/uploads\/sites\/93\/2019\/05\/IE2013Cap4.pdf\" target=\"_blank\">Cap\u00edtulo 4: Crisis, solidaridad y Tercer Sector<\/a> <\/li><li><a href=\"https:\/\/blogs.comillas.edu\/informeespana\/wp-content\/uploads\/sites\/93\/2019\/05\/IE2013Cap5.pdf\" target=\"_blank\" rel=\"noreferrer noopener\" aria-label=\" (abre en una nueva pesta\u00f1a)\">Cap\u00edtulo 5: La vivienda tras la \u00abburbuja\u00bb: grandes retos para un futuro incierto <\/a><\/li><\/ul>\n\n\n\n<p><\/p>\n","protected":false},"excerpt":{"rendered":"<p>Informe completo Consideraciones Generales Parte Segunda: Por unos horarios m\u00e1s sociales Cap\u00edtulo 1: Las mujeres: otra vez en la encrucijada Cap\u00edtulo 2: Los j\u00f3venes hoy: aprender a tomar decisiones en un entorno enmara\u00f1ado Cap\u00edtulo 3: Los mayores: m\u00e1s protagonistas, nuevos retos Cap\u00edtulo 4: Crisis, solidaridad y Tercer Sector Cap\u00edtulo 5: La vivienda tras la \u00abburbuja\u00bb: &#8230; <a title=\"Informe Espa\u00f1a 2013\" class=\"read-more\" href=\"https:\/\/blogs.comillas.edu\/informeespana\/informe-espana-2013\/\" aria-label=\"Leer m\u00e1s sobre Informe Espa\u00f1a 2013\">Leer m\u00e1s <\/a><\/p>\n","protected":false},"author":201,"featured_media":0,"parent":0,"menu_order":0,"comment_status":"closed","ping_status":"closed","template":"","meta":{"footnotes":""},"class_list":["post-3843","page","type-page","status-publish"],"_links":{"self":[{"href":"https:\/\/blogs.comillas.edu\/informeespana\/wp-json\/wp\/v2\/pages\/3843","targetHints":{"allow":["GET"]}}],"collection":[{"href":"https:\/\/blogs.comillas.edu\/informeespana\/wp-json\/wp\/v2\/pages"}],"about":[{"href":"https:\/\/blogs.comillas.edu\/informeespana\/wp-json\/wp\/v2\/types\/page"}],"author":[{"embeddable":true,"href":"https:\/\/blogs.comillas.edu\/informeespana\/wp-json\/wp\/v2\/users\/201"}],"replies":[{"embeddable":true,"href":"https:\/\/blogs.comillas.edu\/informeespana\/wp-json\/wp\/v2\/comments?post=3843"}],"version-history":[{"count":3,"href":"https:\/\/blogs.comillas.edu\/informeespana\/wp-json\/wp\/v2\/pages\/3843\/revisions"}],"predecessor-version":[{"id":4026,"href":"https:\/\/blogs.comillas.edu\/informeespana\/wp-json\/wp\/v2\/pages\/3843\/revisions\/4026"}],"wp:attachment":[{"href":"https:\/\/blogs.comillas.edu\/informeespana\/wp-json\/wp\/v2\/media?parent=3843"}],"curies":[{"name":"wp","href":"https:\/\/api.w.org\/{rel}","templated":true}]}}