{"id":3729,"date":"2019-05-08T13:07:08","date_gmt":"2019-05-08T11:07:08","guid":{"rendered":"https:\/\/blogs.comillas.edu\/informeespana\/?page_id=3729"},"modified":"2021-12-01T16:07:25","modified_gmt":"2021-12-01T15:07:25","slug":"informe-espana-2001","status":"publish","type":"page","link":"https:\/\/blogs.comillas.edu\/informeespana\/informe-espana-2001\/","title":{"rendered":"Informe Espa\u00f1a 2001"},"content":{"rendered":"\r\n<ul class=\"wp-block-list\">\r\n    <li><em><a href=\"https:\/\/blogs.comillas.edu\/informeespana\/wp-content\/uploads\/sites\/93\/2019\/05\/Informe-Espa\u00f1a-2001-completo.pdf\">Informe completo<\/a><\/em><\/li>\r\n    <li><a href=\"https:\/\/blogs.comillas.edu\/informeespana\/wp-content\/uploads\/sites\/93\/2019\/05\/IE2001ConGen.pdf\">Consideraciones Generales<\/a><\/li>\r\n    <li><a href=\"https:\/\/blogs.comillas.edu\/informeespana\/wp-content\/uploads\/sites\/93\/2019\/05\/IE2001Parte-2\u00aa.pdf\">Parte Segunda: Los inmigrantes, un nuevo actor en la sociedad espa\u00f1ola<\/a><\/li>\r\n    <li><a href=\"https:\/\/blogs.comillas.edu\/informeespana\/wp-content\/uploads\/sites\/93\/2019\/05\/IE2001Cap1.pdf\">Cap\u00edtulo 1: Aspectos econ\u00f3micos de la exclusi\u00f3n y pol\u00edticas de integraci\u00f3n<\/a><\/li>\r\n    <li><a href=\"https:\/\/blogs.comillas.edu\/informeespana\/wp-content\/uploads\/sites\/93\/2019\/05\/IE2001Cap2.pdf\">Cap\u00edtulo 2: Educaci\u00f3n en Espa\u00f1a: debate social y retos para el siglo XXI<\/a><\/li>\r\n    <li><a href=\"https:\/\/blogs.comillas.edu\/informeespana\/wp-content\/uploads\/sites\/93\/2019\/05\/IE2001Cap3.pdf\">Cap\u00edtulo 3: La dependencia entre los mayores<\/a><\/li>\r\n    <li><a href=\"https:\/\/blogs.comillas.edu\/informeespana\/wp-content\/uploads\/sites\/93\/2019\/05\/IE2001Cap4.pdf\">Cap\u00edtulo 4: Integraci\u00f3n social de las personas con discapacidad<\/a><\/li>\r\n    <li><a href=\"https:\/\/blogs.comillas.edu\/informeespana\/wp-content\/uploads\/sites\/93\/2019\/05\/IE2001Cap5.pdf\">Cap\u00edtulo 5: Estructura urbana y procesos de exclusi\u00f3n<\/a><\/li>\r\n<\/ul>\r\n","protected":false},"excerpt":{"rendered":"<p>Informe completo Consideraciones Generales Parte Segunda: Los inmigrantes, un nuevo actor en la sociedad espa\u00f1ola Cap\u00edtulo 1: Aspectos econ\u00f3micos de la exclusi\u00f3n y pol\u00edticas de integraci\u00f3n Cap\u00edtulo 2: Educaci\u00f3n en Espa\u00f1a: debate social y retos para el siglo XXI Cap\u00edtulo 3: La dependencia entre los mayores Cap\u00edtulo 4: Integraci\u00f3n social de las personas con discapacidad &#8230; <a title=\"Informe Espa\u00f1a 2001\" class=\"read-more\" href=\"https:\/\/blogs.comillas.edu\/informeespana\/informe-espana-2001\/\" aria-label=\"Leer m\u00e1s sobre Informe Espa\u00f1a 2001\">Leer m\u00e1s <\/a><\/p>\n","protected":false},"author":474,"featured_media":0,"parent":0,"menu_order":0,"comment_status":"closed","ping_status":"closed","template":"","meta":{"footnotes":""},"class_list":["post-3729","page","type-page","status-publish"],"_links":{"self":[{"href":"https:\/\/blogs.comillas.edu\/informeespana\/wp-json\/wp\/v2\/pages\/3729","targetHints":{"allow":["GET"]}}],"collection":[{"href":"https:\/\/blogs.comillas.edu\/informeespana\/wp-json\/wp\/v2\/pages"}],"about":[{"href":"https:\/\/blogs.comillas.edu\/informeespana\/wp-json\/wp\/v2\/types\/page"}],"author":[{"embeddable":true,"href":"https:\/\/blogs.comillas.edu\/informeespana\/wp-json\/wp\/v2\/users\/474"}],"replies":[{"embeddable":true,"href":"https:\/\/blogs.comillas.edu\/informeespana\/wp-json\/wp\/v2\/comments?post=3729"}],"version-history":[{"count":3,"href":"https:\/\/blogs.comillas.edu\/informeespana\/wp-json\/wp\/v2\/pages\/3729\/revisions"}],"predecessor-version":[{"id":6721,"href":"https:\/\/blogs.comillas.edu\/informeespana\/wp-json\/wp\/v2\/pages\/3729\/revisions\/6721"}],"wp:attachment":[{"href":"https:\/\/blogs.comillas.edu\/informeespana\/wp-json\/wp\/v2\/media?parent=3729"}],"curies":[{"name":"wp","href":"https:\/\/api.w.org\/{rel}","templated":true}]}}