{"id":3684,"date":"2019-05-08T12:55:29","date_gmt":"2019-05-08T10:55:29","guid":{"rendered":"https:\/\/blogs.comillas.edu\/informeespana\/?page_id=3684"},"modified":"2019-05-08T13:41:40","modified_gmt":"2019-05-08T11:41:40","slug":"informe-espana-2000","status":"publish","type":"page","link":"https:\/\/blogs.comillas.edu\/informeespana\/informe-espana-2000\/","title":{"rendered":"Informe Espa\u00f1a 2000"},"content":{"rendered":"\n<ul class=\"wp-block-list\"><li><em><a href=\"https:\/\/blogs.comillas.edu\/informeespana\/wp-content\/uploads\/sites\/93\/2019\/05\/Informe-Espa\u00f1a-2000-completo.pdf\">Informe completo<\/a><\/em><\/li><li><a href=\"https:\/\/blogs.comillas.edu\/informeespana\/wp-content\/uploads\/sites\/93\/2019\/05\/IE2000ConGen.pdf\">Consideraciones Generales<\/a><\/li><li><a href=\"https:\/\/blogs.comillas.edu\/informeespana\/wp-content\/uploads\/sites\/93\/2019\/05\/IE2000Parte-2\u00aa.pdf\">Parte Segunda: La sociedad de la telefon\u00eda m\u00f3vil<\/a><\/li><li><a href=\"https:\/\/blogs.comillas.edu\/informeespana\/wp-content\/uploads\/sites\/93\/2019\/05\/IE2000Cap1.pdf\">Cap\u00edtulo 1: El reto de la competitividad y la calidad: el sector de la construcci\u00f3n<\/a><\/li><li><a href=\"https:\/\/blogs.comillas.edu\/informeespana\/wp-content\/uploads\/sites\/93\/2019\/05\/IE2000Cap2.pdf\">Cap\u00edtulo 2: Empleo y formaci\u00f3n en la construcci\u00f3n <\/a><\/li><li><a href=\"https:\/\/blogs.comillas.edu\/informeespana\/wp-content\/uploads\/sites\/93\/2019\/05\/IE2000Cap3.pdf\">Cap\u00edtulo 3: Las universidades espa\u00f1olas cambian; pero, \u00bfhacia d\u00f3nde?<\/a><\/li><li><a href=\"https:\/\/blogs.comillas.edu\/informeespana\/wp-content\/uploads\/sites\/93\/2019\/05\/IE2000Cap4.pdf\">Cap\u00edtulo 4: Ciudadan\u00eda y discapacidad \u00a0   <\/a><\/li><li><a href=\"https:\/\/blogs.comillas.edu\/informeespana\/wp-content\/uploads\/sites\/93\/2019\/05\/IE2000Cap5.pdf\">Cap\u00edtulo 5: Participaci\u00f3n ciudadana en la pol\u00edtica local<\/a><\/li><\/ul>\n","protected":false},"excerpt":{"rendered":"<p>Informe completo Consideraciones Generales Parte Segunda: La sociedad de la telefon\u00eda m\u00f3vil Cap\u00edtulo 1: El reto de la competitividad y la calidad: el sector de la construcci\u00f3n Cap\u00edtulo 2: Empleo y formaci\u00f3n en la construcci\u00f3n Cap\u00edtulo 3: Las universidades espa\u00f1olas cambian; pero, \u00bfhacia d\u00f3nde? Cap\u00edtulo 4: Ciudadan\u00eda y discapacidad \u00a0 Cap\u00edtulo 5: Participaci\u00f3n ciudadana en &#8230; <a title=\"Informe Espa\u00f1a 2000\" class=\"read-more\" href=\"https:\/\/blogs.comillas.edu\/informeespana\/informe-espana-2000\/\" aria-label=\"Leer m\u00e1s sobre Informe Espa\u00f1a 2000\">Leer m\u00e1s <\/a><\/p>\n","protected":false},"author":474,"featured_media":0,"parent":0,"menu_order":0,"comment_status":"closed","ping_status":"closed","template":"","meta":{"footnotes":""},"class_list":["post-3684","page","type-page","status-publish"],"_links":{"self":[{"href":"https:\/\/blogs.comillas.edu\/informeespana\/wp-json\/wp\/v2\/pages\/3684","targetHints":{"allow":["GET"]}}],"collection":[{"href":"https:\/\/blogs.comillas.edu\/informeespana\/wp-json\/wp\/v2\/pages"}],"about":[{"href":"https:\/\/blogs.comillas.edu\/informeespana\/wp-json\/wp\/v2\/types\/page"}],"author":[{"embeddable":true,"href":"https:\/\/blogs.comillas.edu\/informeespana\/wp-json\/wp\/v2\/users\/474"}],"replies":[{"embeddable":true,"href":"https:\/\/blogs.comillas.edu\/informeespana\/wp-json\/wp\/v2\/comments?post=3684"}],"version-history":[{"count":2,"href":"https:\/\/blogs.comillas.edu\/informeespana\/wp-json\/wp\/v2\/pages\/3684\/revisions"}],"predecessor-version":[{"id":3945,"href":"https:\/\/blogs.comillas.edu\/informeespana\/wp-json\/wp\/v2\/pages\/3684\/revisions\/3945"}],"wp:attachment":[{"href":"https:\/\/blogs.comillas.edu\/informeespana\/wp-json\/wp\/v2\/media?parent=3684"}],"curies":[{"name":"wp","href":"https:\/\/api.w.org\/{rel}","templated":true}]}}