{"id":3651,"date":"2019-05-08T12:52:57","date_gmt":"2019-05-08T10:52:57","guid":{"rendered":"https:\/\/blogs.comillas.edu\/informeespana\/?page_id=3651"},"modified":"2019-05-08T13:39:10","modified_gmt":"2019-05-08T11:39:10","slug":"informe-espana-1998","status":"publish","type":"page","link":"https:\/\/blogs.comillas.edu\/informeespana\/informe-espana-1998\/","title":{"rendered":"Informe Espa\u00f1a 1998"},"content":{"rendered":"\n<ul class=\"wp-block-list\"><li><em><a href=\"https:\/\/blogs.comillas.edu\/informeespana\/wp-content\/uploads\/sites\/93\/2019\/05\/Informe-Espa\u00f1a-1998-completo.pdf\">Informe completo<\/a><\/em><\/li><li><a href=\"https:\/\/blogs.comillas.edu\/informeespana\/wp-content\/uploads\/sites\/93\/2019\/05\/IE98ConGen.pdf\">Consideraciones Generales<\/a><\/li><li><a href=\"https:\/\/blogs.comillas.edu\/informeespana\/wp-content\/uploads\/sites\/93\/2019\/05\/IE98Parte-2\u00aa.pdf\">Parte Segunda: Sociedad civil espa\u00f1ola y responsabilidades colectivas<\/a><\/li><li><a href=\"https:\/\/blogs.comillas.edu\/informeespana\/wp-content\/uploads\/sites\/93\/2019\/05\/IE98Cap1.pdf\">Cap\u00edtulo 1: Inserci\u00f3n sociolaboral de la mujer<\/a><\/li><li><a href=\"https:\/\/blogs.comillas.edu\/informeespana\/wp-content\/uploads\/sites\/93\/2019\/05\/IE98Cap2.pdf\">Cap\u00edtulo 2: Turismo: Un sector en lenta transformaci\u00f3n<\/a><\/li><li><a href=\"https:\/\/blogs.comillas.edu\/informeespana\/wp-content\/uploads\/sites\/93\/2019\/05\/IE98Cap3.pdf\">Cap\u00edtulo 3: Empleo y formaci\u00f3n en la actividad tur\u00edstica   <\/a>\u00a0   <\/li><li><a href=\"https:\/\/blogs.comillas.edu\/informeespana\/wp-content\/uploads\/sites\/93\/2019\/05\/IE98Cap4.pdf\">Cap\u00edtulo 4: Qu\u00e9 formaci\u00f3n para el empleo<\/a><\/li><li><a href=\"https:\/\/blogs.comillas.edu\/informeespana\/wp-content\/uploads\/sites\/93\/2019\/05\/IE98Cap5.pdf\">Cap\u00edtulo 5: Protecci\u00f3n social a la familia<\/a><\/li><li><a href=\"https:\/\/blogs.comillas.edu\/informeespana\/wp-content\/uploads\/sites\/93\/2019\/05\/IE98Cap6.pdf\">Cap\u00edtulo 6: El transporte y la movilidad de la poblaci\u00f3n<\/a><\/li><\/ul>\n\n\n\n<p><\/p>\n","protected":false},"excerpt":{"rendered":"<p>Informe completo Consideraciones Generales Parte Segunda: Sociedad civil espa\u00f1ola y responsabilidades colectivas Cap\u00edtulo 1: Inserci\u00f3n sociolaboral de la mujer Cap\u00edtulo 2: Turismo: Un sector en lenta transformaci\u00f3n Cap\u00edtulo 3: Empleo y formaci\u00f3n en la actividad tur\u00edstica \u00a0 Cap\u00edtulo 4: Qu\u00e9 formaci\u00f3n para el empleo Cap\u00edtulo 5: Protecci\u00f3n social a la familia Cap\u00edtulo 6: El transporte &#8230; <a title=\"Informe Espa\u00f1a 1998\" class=\"read-more\" href=\"https:\/\/blogs.comillas.edu\/informeespana\/informe-espana-1998\/\" aria-label=\"Leer m\u00e1s sobre Informe Espa\u00f1a 1998\">Leer m\u00e1s <\/a><\/p>\n","protected":false},"author":474,"featured_media":0,"parent":0,"menu_order":0,"comment_status":"closed","ping_status":"closed","template":"","meta":{"footnotes":""},"class_list":["post-3651","page","type-page","status-publish"],"_links":{"self":[{"href":"https:\/\/blogs.comillas.edu\/informeespana\/wp-json\/wp\/v2\/pages\/3651","targetHints":{"allow":["GET"]}}],"collection":[{"href":"https:\/\/blogs.comillas.edu\/informeespana\/wp-json\/wp\/v2\/pages"}],"about":[{"href":"https:\/\/blogs.comillas.edu\/informeespana\/wp-json\/wp\/v2\/types\/page"}],"author":[{"embeddable":true,"href":"https:\/\/blogs.comillas.edu\/informeespana\/wp-json\/wp\/v2\/users\/474"}],"replies":[{"embeddable":true,"href":"https:\/\/blogs.comillas.edu\/informeespana\/wp-json\/wp\/v2\/comments?post=3651"}],"version-history":[{"count":2,"href":"https:\/\/blogs.comillas.edu\/informeespana\/wp-json\/wp\/v2\/pages\/3651\/revisions"}],"predecessor-version":[{"id":3942,"href":"https:\/\/blogs.comillas.edu\/informeespana\/wp-json\/wp\/v2\/pages\/3651\/revisions\/3942"}],"wp:attachment":[{"href":"https:\/\/blogs.comillas.edu\/informeespana\/wp-json\/wp\/v2\/media?parent=3651"}],"curies":[{"name":"wp","href":"https:\/\/api.w.org\/{rel}","templated":true}]}}