{"id":3564,"date":"2019-05-08T12:50:49","date_gmt":"2019-05-08T10:50:49","guid":{"rendered":"https:\/\/blogs.comillas.edu\/informeespana\/?page_id=3564"},"modified":"2019-05-08T13:35:30","modified_gmt":"2019-05-08T11:35:30","slug":"informe-espana-1997","status":"publish","type":"page","link":"https:\/\/blogs.comillas.edu\/informeespana\/informe-espana-1997\/","title":{"rendered":"Informe Espa\u00f1a 1997"},"content":{"rendered":"\n<ul class=\"wp-block-list\"><li><em><a href=\"https:\/\/blogs.comillas.edu\/informeespana\/wp-content\/uploads\/sites\/93\/2019\/05\/Informe-Espa\u00f1a-1997-completo.pdf\">Informe completo<\/a><\/em><\/li><li><a href=\"https:\/\/blogs.comillas.edu\/informeespana\/wp-content\/uploads\/sites\/93\/2019\/05\/IE97ConGen.pdf\">Consideraciones Generales<\/a><\/li><li><a href=\"https:\/\/blogs.comillas.edu\/informeespana\/wp-content\/uploads\/sites\/93\/2019\/05\/IE97Parte-2\u00aa.pdf\">Parte Segunda: La Sociedad Espa\u00f1ola de 1997<\/a><\/li><li><a href=\"https:\/\/blogs.comillas.edu\/informeespana\/wp-content\/uploads\/sites\/93\/2019\/05\/IE97Cap1.pdf\">Cap\u00edtulo 1: El euro, mitad riesgo, mitad oportunidad<\/a><\/li><li><a href=\"https:\/\/blogs.comillas.edu\/informeespana\/wp-content\/uploads\/sites\/93\/2019\/05\/IE97Cap2.pdf\">Cap\u00edtulo 2: La internacionalizaci\u00f3n de las empresas espa\u00f1olas<\/a><\/li><li><a href=\"https:\/\/blogs.comillas.edu\/informeespana\/wp-content\/uploads\/sites\/93\/2019\/05\/IE97Cap3.pdf\">Cap\u00edtulo 3: Diez a\u00f1os de pol\u00edtica agr\u00edcola com\u00fan<\/a><\/li><li><a href=\"https:\/\/blogs.comillas.edu\/informeespana\/wp-content\/uploads\/sites\/93\/2019\/05\/IE97Cap4.pdf\">Cap\u00edtulo 4: Con esta Administraci\u00f3n, \u00bfpodremos sostenernos en Europa?<\/a><\/li><li><a href=\"https:\/\/blogs.comillas.edu\/informeespana\/wp-content\/uploads\/sites\/93\/2019\/05\/IE97Cap5.pdf\">Cap\u00edtulo 5: Por un consenso en la Sanidad<\/a><\/li><li><a href=\"https:\/\/blogs.comillas.edu\/informeespana\/wp-content\/uploads\/sites\/93\/2019\/05\/IE97Cap6.pdf\">Cap\u00edtulo 6: Televisi\u00f3n y familia<\/a><\/li><li><a href=\"https:\/\/blogs.comillas.edu\/informeespana\/wp-content\/uploads\/sites\/93\/2019\/05\/IE97Cap7.pdf\">Cap\u00edtulo 7: La evaluaci\u00f3n necesaria de los Centros<\/a><\/li><li><a href=\"https:\/\/blogs.comillas.edu\/informeespana\/wp-content\/uploads\/sites\/93\/2019\/05\/IE97Cap8.pdf\">Cap\u00edtulo 8: Veinte a\u00f1os de Ayuntamientos democr\u00e1ticos: El retorno de la pol\u00edtica social <\/a><\/li><\/ul>\n\n\n\n<p><\/p>\n","protected":false},"excerpt":{"rendered":"<p>Informe completo Consideraciones Generales Parte Segunda: La Sociedad Espa\u00f1ola de 1997 Cap\u00edtulo 1: El euro, mitad riesgo, mitad oportunidad Cap\u00edtulo 2: La internacionalizaci\u00f3n de las empresas espa\u00f1olas Cap\u00edtulo 3: Diez a\u00f1os de pol\u00edtica agr\u00edcola com\u00fan Cap\u00edtulo 4: Con esta Administraci\u00f3n, \u00bfpodremos sostenernos en Europa? Cap\u00edtulo 5: Por un consenso en la Sanidad Cap\u00edtulo 6: Televisi\u00f3n &#8230; <a title=\"Informe Espa\u00f1a 1997\" class=\"read-more\" href=\"https:\/\/blogs.comillas.edu\/informeespana\/informe-espana-1997\/\" aria-label=\"Leer m\u00e1s sobre Informe Espa\u00f1a 1997\">Leer m\u00e1s <\/a><\/p>\n","protected":false},"author":474,"featured_media":0,"parent":0,"menu_order":0,"comment_status":"closed","ping_status":"closed","template":"","meta":{"footnotes":""},"class_list":["post-3564","page","type-page","status-publish"],"_links":{"self":[{"href":"https:\/\/blogs.comillas.edu\/informeespana\/wp-json\/wp\/v2\/pages\/3564","targetHints":{"allow":["GET"]}}],"collection":[{"href":"https:\/\/blogs.comillas.edu\/informeespana\/wp-json\/wp\/v2\/pages"}],"about":[{"href":"https:\/\/blogs.comillas.edu\/informeespana\/wp-json\/wp\/v2\/types\/page"}],"author":[{"embeddable":true,"href":"https:\/\/blogs.comillas.edu\/informeespana\/wp-json\/wp\/v2\/users\/474"}],"replies":[{"embeddable":true,"href":"https:\/\/blogs.comillas.edu\/informeespana\/wp-json\/wp\/v2\/comments?post=3564"}],"version-history":[{"count":2,"href":"https:\/\/blogs.comillas.edu\/informeespana\/wp-json\/wp\/v2\/pages\/3564\/revisions"}],"predecessor-version":[{"id":3927,"href":"https:\/\/blogs.comillas.edu\/informeespana\/wp-json\/wp\/v2\/pages\/3564\/revisions\/3927"}],"wp:attachment":[{"href":"https:\/\/blogs.comillas.edu\/informeespana\/wp-json\/wp\/v2\/media?parent=3564"}],"curies":[{"name":"wp","href":"https:\/\/api.w.org\/{rel}","templated":true}]}}