{"id":3558,"date":"2019-05-08T12:47:36","date_gmt":"2019-05-08T10:47:36","guid":{"rendered":"https:\/\/blogs.comillas.edu\/informeespana\/?page_id=3558"},"modified":"2019-05-08T13:30:24","modified_gmt":"2019-05-08T11:30:24","slug":"informe-espana-1996","status":"publish","type":"page","link":"https:\/\/blogs.comillas.edu\/informeespana\/informe-espana-1996\/","title":{"rendered":"Informe Espa\u00f1a 1996"},"content":{"rendered":"\n<ul class=\"wp-block-list\"><li><em><a href=\"https:\/\/blogs.comillas.edu\/informeespana\/wp-content\/uploads\/sites\/93\/2019\/05\/Informe-Espa\u00f1a-1996-completo.pdf\">Informe completo<\/a><\/em><\/li><li><a href=\"https:\/\/blogs.comillas.edu\/informeespana\/wp-content\/uploads\/sites\/93\/2019\/05\/IE96ConGen.pdf\">Consideraciones Generales<\/a><\/li><li><a href=\"https:\/\/blogs.comillas.edu\/informeespana\/wp-content\/uploads\/sites\/93\/2019\/05\/IE96Parte-2\u00aa.pdf\">Parte Segunda: La Sociedad Espa\u00f1ola de 1996<\/a> <\/li><li><a href=\"https:\/\/blogs.comillas.edu\/informeespana\/wp-content\/uploads\/sites\/93\/2019\/05\/IE96Cap1.pdf\">Cap\u00edtulo 1: Nuevo empleo y desarrollo humano<\/a><\/li><li><a href=\"https:\/\/blogs.comillas.edu\/informeespana\/wp-content\/uploads\/sites\/93\/2019\/05\/IE96Cap2.pdf\">Cap\u00edtulo 2: Los costes ambientales del crecimiento<\/a> <\/li><li><a href=\"https:\/\/blogs.comillas.edu\/informeespana\/wp-content\/uploads\/sites\/93\/2019\/05\/IE96Cap3.pdf\">Cap\u00edtulo 3: Familia y escuela: Dos mundos que no se encuentran<\/a><\/li><li><a href=\"https:\/\/blogs.comillas.edu\/informeespana\/wp-content\/uploads\/sites\/93\/2019\/05\/IE96Cap4.pdf\">Cap\u00edtulo 4: La reforma deseada<\/a><\/li><li><a href=\"https:\/\/blogs.comillas.edu\/informeespana\/wp-content\/uploads\/sites\/93\/2019\/05\/IE96Cap5.pdf\">Cap\u00edtulo 5: El envejecimiento humano<\/a><\/li><li><a href=\"https:\/\/blogs.comillas.edu\/informeespana\/wp-content\/uploads\/sites\/93\/2019\/05\/IE96Cap6.pdf\">Cap\u00edtulo 6: Producci\u00f3n legislativa y \u00e9lites territoriales<\/a><\/li><li><a href=\"https:\/\/blogs.comillas.edu\/informeespana\/wp-content\/uploads\/sites\/93\/2019\/05\/IE96Cap7.pdf\">Cap\u00edtulo 7: Mimetismo, clientelismo e innovaci\u00f3n en las Administraciones Auton\u00f3micas<\/a><\/li><li><a href=\"https:\/\/blogs.comillas.edu\/informeespana\/wp-content\/uploads\/sites\/93\/2019\/05\/IE96Cap8.pdf\">Cap\u00edtulo 8: Crece la conciencia auton\u00f3mica de los espa\u00f1oles<\/a> <\/li><li><a href=\"https:\/\/blogs.comillas.edu\/informeespana\/wp-content\/uploads\/sites\/93\/2019\/05\/IE96Cap9.pdf\">Cap\u00edtulo 9: El dinero de las Autonom\u00edas: Una pol\u00e9mica inacabable<\/a><\/li><\/ul>\n","protected":false},"excerpt":{"rendered":"<p>Informe completo Consideraciones Generales Parte Segunda: La Sociedad Espa\u00f1ola de 1996 Cap\u00edtulo 1: Nuevo empleo y desarrollo humano Cap\u00edtulo 2: Los costes ambientales del crecimiento Cap\u00edtulo 3: Familia y escuela: Dos mundos que no se encuentran Cap\u00edtulo 4: La reforma deseada Cap\u00edtulo 5: El envejecimiento humano Cap\u00edtulo 6: Producci\u00f3n legislativa y \u00e9lites territoriales Cap\u00edtulo 7: &#8230; <a title=\"Informe Espa\u00f1a 1996\" class=\"read-more\" href=\"https:\/\/blogs.comillas.edu\/informeespana\/informe-espana-1996\/\" aria-label=\"Leer m\u00e1s sobre Informe Espa\u00f1a 1996\">Leer m\u00e1s <\/a><\/p>\n","protected":false},"author":474,"featured_media":0,"parent":0,"menu_order":0,"comment_status":"closed","ping_status":"closed","template":"","meta":{"footnotes":""},"class_list":["post-3558","page","type-page","status-publish"],"_links":{"self":[{"href":"https:\/\/blogs.comillas.edu\/informeespana\/wp-json\/wp\/v2\/pages\/3558","targetHints":{"allow":["GET"]}}],"collection":[{"href":"https:\/\/blogs.comillas.edu\/informeespana\/wp-json\/wp\/v2\/pages"}],"about":[{"href":"https:\/\/blogs.comillas.edu\/informeespana\/wp-json\/wp\/v2\/types\/page"}],"author":[{"embeddable":true,"href":"https:\/\/blogs.comillas.edu\/informeespana\/wp-json\/wp\/v2\/users\/474"}],"replies":[{"embeddable":true,"href":"https:\/\/blogs.comillas.edu\/informeespana\/wp-json\/wp\/v2\/comments?post=3558"}],"version-history":[{"count":2,"href":"https:\/\/blogs.comillas.edu\/informeespana\/wp-json\/wp\/v2\/pages\/3558\/revisions"}],"predecessor-version":[{"id":3912,"href":"https:\/\/blogs.comillas.edu\/informeespana\/wp-json\/wp\/v2\/pages\/3558\/revisions\/3912"}],"wp:attachment":[{"href":"https:\/\/blogs.comillas.edu\/informeespana\/wp-json\/wp\/v2\/media?parent=3558"}],"curies":[{"name":"wp","href":"https:\/\/api.w.org\/{rel}","templated":true}]}}