{"id":3522,"date":"2019-05-08T12:44:40","date_gmt":"2019-05-08T10:44:40","guid":{"rendered":"https:\/\/blogs.comillas.edu\/informeespana\/?page_id=3522"},"modified":"2019-05-08T13:26:43","modified_gmt":"2019-05-08T11:26:43","slug":"informe-espana-1995","status":"publish","type":"page","link":"https:\/\/blogs.comillas.edu\/informeespana\/informe-espana-1995\/","title":{"rendered":"Informe Espa\u00f1a 1995"},"content":{"rendered":"\n<ul class=\"wp-block-list\"><li><em><a href=\"https:\/\/blogs.comillas.edu\/informeespana\/wp-content\/uploads\/sites\/93\/2019\/05\/Informe-Espa\u00f1a-1995-completo.pdf\">Informe completo<\/a><\/em><\/li><li><a href=\"https:\/\/blogs.comillas.edu\/informeespana\/wp-content\/uploads\/sites\/93\/2019\/05\/IE95ConGen.pdf\">Consideraciones Generales<\/a><\/li><li><a href=\"https:\/\/blogs.comillas.edu\/informeespana\/wp-content\/uploads\/sites\/93\/2019\/05\/IE95Parte-2\u00aa.pdf\">Parte Segunda: La Sociedad Espa\u00f1ola de 1995 <\/a><\/li><li><a href=\"https:\/\/blogs.comillas.edu\/informeespana\/wp-content\/uploads\/sites\/93\/2019\/05\/IE95Cap1.pdf\">Cap\u00edtulo 1: Crecimiento econ\u00f3mico y desarrollo social<\/a><\/li><li><a href=\"https:\/\/blogs.comillas.edu\/informeespana\/wp-content\/uploads\/sites\/93\/2019\/05\/IE95Cap2.pdf\">Cap\u00edtulo 2: Actividad empresarial del estado: \u00bfes urgente su privatizaci\u00f3n?<\/a><\/li><li><a href=\"https:\/\/blogs.comillas.edu\/informeespana\/wp-content\/uploads\/sites\/93\/2019\/05\/IE95Cap3.pdf\">Cap\u00edtulo 3: Los costes de nuestro Estado de Bienestar<\/a><\/li><li><a href=\"https:\/\/blogs.comillas.edu\/informeespana\/wp-content\/uploads\/sites\/93\/2019\/05\/IE95Cap4.pdf\">Cap\u00edtulo 4: La vivienda: \u00bfnegocio o factor de bienestar?<\/a> <\/li><li><a href=\"https:\/\/blogs.comillas.edu\/informeespana\/wp-content\/uploads\/sites\/93\/2019\/05\/IE95Cap5.pdf\">Cap\u00edtulo 5: Logros y reformas en el Sistema Sanitario<\/a> <\/li><li><a href=\"https:\/\/blogs.comillas.edu\/informeespana\/wp-content\/uploads\/sites\/93\/2019\/05\/IE95Cap6.pdf\">Cap\u00edtulo 6: Organizaciones voluntarias de solidaridad<\/a><\/li><li><a href=\"https:\/\/blogs.comillas.edu\/informeespana\/wp-content\/uploads\/sites\/93\/2019\/05\/IE95Cap7.pdf\">Cap\u00edtulo 7: El problema del agua y la ordenaci\u00f3n del territorio<\/a><\/li><li><a href=\"https:\/\/blogs.comillas.edu\/informeespana\/wp-content\/uploads\/sites\/93\/2019\/05\/IE95Cap8.pdf\">Cap\u00edtulo 8: Telecomunicaciones: Grandes intereses econ\u00f3micos y transformaciones sociales <\/a><\/li><\/ul>\n","protected":false},"excerpt":{"rendered":"<p>Informe completo Consideraciones Generales Parte Segunda: La Sociedad Espa\u00f1ola de 1995 Cap\u00edtulo 1: Crecimiento econ\u00f3mico y desarrollo social Cap\u00edtulo 2: Actividad empresarial del estado: \u00bfes urgente su privatizaci\u00f3n? Cap\u00edtulo 3: Los costes de nuestro Estado de Bienestar Cap\u00edtulo 4: La vivienda: \u00bfnegocio o factor de bienestar? Cap\u00edtulo 5: Logros y reformas en el Sistema Sanitario &#8230; <a title=\"Informe Espa\u00f1a 1995\" class=\"read-more\" href=\"https:\/\/blogs.comillas.edu\/informeespana\/informe-espana-1995\/\" aria-label=\"Leer m\u00e1s sobre Informe Espa\u00f1a 1995\">Leer m\u00e1s <\/a><\/p>\n","protected":false},"author":474,"featured_media":0,"parent":0,"menu_order":0,"comment_status":"closed","ping_status":"closed","template":"","meta":{"footnotes":""},"class_list":["post-3522","page","type-page","status-publish"],"_links":{"self":[{"href":"https:\/\/blogs.comillas.edu\/informeespana\/wp-json\/wp\/v2\/pages\/3522","targetHints":{"allow":["GET"]}}],"collection":[{"href":"https:\/\/blogs.comillas.edu\/informeespana\/wp-json\/wp\/v2\/pages"}],"about":[{"href":"https:\/\/blogs.comillas.edu\/informeespana\/wp-json\/wp\/v2\/types\/page"}],"author":[{"embeddable":true,"href":"https:\/\/blogs.comillas.edu\/informeespana\/wp-json\/wp\/v2\/users\/474"}],"replies":[{"embeddable":true,"href":"https:\/\/blogs.comillas.edu\/informeespana\/wp-json\/wp\/v2\/comments?post=3522"}],"version-history":[{"count":3,"href":"https:\/\/blogs.comillas.edu\/informeespana\/wp-json\/wp\/v2\/pages\/3522\/revisions"}],"predecessor-version":[{"id":3897,"href":"https:\/\/blogs.comillas.edu\/informeespana\/wp-json\/wp\/v2\/pages\/3522\/revisions\/3897"}],"wp:attachment":[{"href":"https:\/\/blogs.comillas.edu\/informeespana\/wp-json\/wp\/v2\/media?parent=3522"}],"curies":[{"name":"wp","href":"https:\/\/api.w.org\/{rel}","templated":true}]}}