{"id":3291,"date":"2019-05-08T12:31:43","date_gmt":"2019-05-08T10:31:43","guid":{"rendered":"https:\/\/blogs.comillas.edu\/informeespana\/?page_id=3291"},"modified":"2019-05-08T13:23:12","modified_gmt":"2019-05-08T11:23:12","slug":"informe-espana-1994","status":"publish","type":"page","link":"https:\/\/blogs.comillas.edu\/informeespana\/informe-espana-1994\/","title":{"rendered":"Informe Espa\u00f1a 1994"},"content":{"rendered":"\n<ul class=\"wp-block-list\"><li><a href=\"https:\/\/blogs.comillas.edu\/informeespana\/wp-content\/uploads\/sites\/93\/2019\/05\/Informe-Espa\u00f1a-1994-completo.pdf\">Informe completo<\/a><\/li><li><a href=\"https:\/\/blogs.comillas.edu\/informeespana\/wp-content\/uploads\/sites\/93\/2019\/05\/IE94ConGen.pdf\">Consideraciones Generales<\/a><\/li><li><a href=\"https:\/\/blogs.comillas.edu\/informeespana\/wp-content\/uploads\/sites\/93\/2019\/05\/IE94Parte-2\u00aa.pdf\">Parte Segunda: La Sociedad Espa\u00f1ola de 1994<\/a><\/li><li><a href=\"https:\/\/blogs.comillas.edu\/informeespana\/wp-content\/uploads\/sites\/93\/2019\/05\/IE94Cap1.pdf\">Cap\u00edtulo 1: La energ\u00eda como reto econ\u00f3mico y social b\u00e1sico<\/a><\/li><li><a href=\"https:\/\/blogs.comillas.edu\/informeespana\/wp-content\/uploads\/sites\/93\/2019\/05\/IE94Cap2.pdf\">Cap\u00edtulo 2: Bancos y Cajas ante su propia problem\u00e1tica y el reto del desarrollo econ\u00f3mico<\/a><\/li><li><a href=\"https:\/\/blogs.comillas.edu\/informeespana\/wp-content\/uploads\/sites\/93\/2019\/05\/IE94Cap3.pdf\">Cap\u00edtulo 3: La fuerza emergente de la PYME<\/a>   \u00a0   <\/li><li><a href=\"https:\/\/blogs.comillas.edu\/informeespana\/wp-content\/uploads\/sites\/93\/2019\/05\/IE94Cap4.pdf\">Cap\u00edtulo 4: La reforma del mercado de trabajo y la situaci\u00f3n del empleo<\/a><\/li><li><a href=\"https:\/\/blogs.comillas.edu\/informeespana\/wp-content\/uploads\/sites\/93\/2019\/05\/IE94Cap5.pdf\">Cap\u00edtulo 5: Universidad e investigaci\u00f3n<\/a>   \u00a0   <\/li><li><a href=\"https:\/\/blogs.comillas.edu\/informeespana\/wp-content\/uploads\/sites\/93\/2019\/05\/IE94Cap6.pdf\">Cap\u00edtulo 6: Crisis financiera en el sistema de pensiones<\/a><\/li><li><a href=\"https:\/\/blogs.comillas.edu\/informeespana\/wp-content\/uploads\/sites\/93\/2019\/05\/IE94Cap7.pdf\">Cap\u00edtulo 7: El ocio en la vida de los espa\u00f1oles<\/a><\/li><li><a href=\"https:\/\/blogs.comillas.edu\/informeespana\/wp-content\/uploads\/sites\/93\/2019\/05\/IE94Cap8.pdf\">Cap\u00edtulo 8: Infraestructuras y ciudades<\/a><\/li><li><a href=\"https:\/\/blogs.comillas.edu\/informeespana\/wp-content\/uploads\/sites\/93\/2019\/05\/IE94Cap9.pdf\">Cap\u00edtulo 9: Urbanismo, suelo y vivienda <\/a><\/li><li><a href=\"https:\/\/blogs.comillas.edu\/informeespana\/wp-content\/uploads\/sites\/93\/2019\/05\/IE94Cap10.pdf\">Cap\u00edtulo 10: Crisis agraria y transformaci\u00f3n del mundo rural <\/a><\/li><\/ul>\n","protected":false},"excerpt":{"rendered":"<p>Informe completo Consideraciones Generales Parte Segunda: La Sociedad Espa\u00f1ola de 1994 Cap\u00edtulo 1: La energ\u00eda como reto econ\u00f3mico y social b\u00e1sico Cap\u00edtulo 2: Bancos y Cajas ante su propia problem\u00e1tica y el reto del desarrollo econ\u00f3mico Cap\u00edtulo 3: La fuerza emergente de la PYME \u00a0 Cap\u00edtulo 4: La reforma del mercado de trabajo y la &#8230; <a title=\"Informe Espa\u00f1a 1994\" class=\"read-more\" href=\"https:\/\/blogs.comillas.edu\/informeespana\/informe-espana-1994\/\" aria-label=\"Leer m\u00e1s sobre Informe Espa\u00f1a 1994\">Leer m\u00e1s <\/a><\/p>\n","protected":false},"author":474,"featured_media":0,"parent":0,"menu_order":0,"comment_status":"closed","ping_status":"closed","template":"","meta":{"footnotes":""},"class_list":["post-3291","page","type-page","status-publish"],"_links":{"self":[{"href":"https:\/\/blogs.comillas.edu\/informeespana\/wp-json\/wp\/v2\/pages\/3291","targetHints":{"allow":["GET"]}}],"collection":[{"href":"https:\/\/blogs.comillas.edu\/informeespana\/wp-json\/wp\/v2\/pages"}],"about":[{"href":"https:\/\/blogs.comillas.edu\/informeespana\/wp-json\/wp\/v2\/types\/page"}],"author":[{"embeddable":true,"href":"https:\/\/blogs.comillas.edu\/informeespana\/wp-json\/wp\/v2\/users\/474"}],"replies":[{"embeddable":true,"href":"https:\/\/blogs.comillas.edu\/informeespana\/wp-json\/wp\/v2\/comments?post=3291"}],"version-history":[{"count":2,"href":"https:\/\/blogs.comillas.edu\/informeespana\/wp-json\/wp\/v2\/pages\/3291\/revisions"}],"predecessor-version":[{"id":3882,"href":"https:\/\/blogs.comillas.edu\/informeespana\/wp-json\/wp\/v2\/pages\/3291\/revisions\/3882"}],"wp:attachment":[{"href":"https:\/\/blogs.comillas.edu\/informeespana\/wp-json\/wp\/v2\/media?parent=3291"}],"curies":[{"name":"wp","href":"https:\/\/api.w.org\/{rel}","templated":true}]}}