{"id":3021,"date":"2019-05-08T10:36:13","date_gmt":"2019-05-08T08:36:13","guid":{"rendered":"https:\/\/blogs.comillas.edu\/informeespana\/?page_id=3021"},"modified":"2019-05-08T16:17:54","modified_gmt":"2019-05-08T14:17:54","slug":"informe-espana-2014","status":"publish","type":"page","link":"https:\/\/blogs.comillas.edu\/informeespana\/informe-espana-2014\/","title":{"rendered":"Informe Espa\u00f1a 2014"},"content":{"rendered":"\n<ul class=\"wp-block-list\"><li><a href=\"https:\/\/blogs.comillas.edu\/informeespana\/wp-content\/uploads\/sites\/93\/2019\/05\/Informe-Espa\u00f1a-2014-completo.pdf\">Informe completo<\/a><\/li><li><a rel=\"noreferrer noopener\" aria-label=\" (abre en una nueva pesta\u00f1a)\" href=\"https:\/\/blogs.comillas.edu\/informeespana\/wp-content\/uploads\/sites\/93\/2019\/05\/IE2014ConGen.pdf\" target=\"_blank\">Consideraciones Generales<\/a><\/li><li><a rel=\"noreferrer noopener\" aria-label=\" (abre en una nueva pesta\u00f1a)\" href=\"https:\/\/blogs.comillas.edu\/informeespana\/wp-content\/uploads\/sites\/93\/2019\/05\/IE2014Parte-2\u00aa.pdf\" target=\"_blank\">Parte Segunda: \u00bfDivorcio entre poder y pol\u00edtica? Causas e implicaciones desde una perspectiva global, europea y espa\u00f1ola <\/a><\/li><li><a rel=\"noreferrer noopener\" aria-label=\" (abre en una nueva pesta\u00f1a)\" href=\"https:\/\/blogs.comillas.edu\/informeespana\/wp-content\/uploads\/sites\/93\/2019\/05\/IE2014Cap1.pdf\" target=\"_blank\">Cap\u00edtulo 1: La quiebra de la clase media espa\u00f1ola <\/a><\/li><li><a rel=\"noreferrer noopener\" aria-label=\" (abre en una nueva pesta\u00f1a)\" href=\"https:\/\/blogs.comillas.edu\/informeespana\/wp-content\/uploads\/sites\/93\/2019\/05\/IE2014Cap2.pdf\" target=\"_blank\">Cap\u00edtulo 2: Los medios de comunicaci\u00f3n frente a la crisis <\/a><\/li><li><a rel=\"noreferrer noopener\" aria-label=\" (abre en una nueva pesta\u00f1a)\" href=\"https:\/\/blogs.comillas.edu\/informeespana\/wp-content\/uploads\/sites\/93\/2019\/05\/IE2014Cap3.pdf\" target=\"_blank\">Cap\u00edtulo 3: \u00bfQu\u00e9 queda de la soberan\u00eda nacional y del estado social y democr\u00e1tico de derecho europeo tras la crisis? <\/a><\/li><li><a href=\"https:\/\/blogs.comillas.edu\/informeespana\/wp-content\/uploads\/sites\/93\/2019\/05\/IE2014Cap4.pdf\" target=\"_blank\" rel=\"noreferrer noopener\" aria-label=\" (abre en una nueva pesta\u00f1a)\">Cap\u00edtulo 4: Modelo auton\u00f3mico y convergencia territorial <\/a><\/li><\/ul>\n","protected":false},"excerpt":{"rendered":"<p>Informe completo Consideraciones Generales Parte Segunda: \u00bfDivorcio entre poder y pol\u00edtica? Causas e implicaciones desde una perspectiva global, europea y espa\u00f1ola Cap\u00edtulo 1: La quiebra de la clase media espa\u00f1ola Cap\u00edtulo 2: Los medios de comunicaci\u00f3n frente a la crisis Cap\u00edtulo 3: \u00bfQu\u00e9 queda de la soberan\u00eda nacional y del estado social y democr\u00e1tico de &#8230; <a title=\"Informe Espa\u00f1a 2014\" class=\"read-more\" href=\"https:\/\/blogs.comillas.edu\/informeespana\/informe-espana-2014\/\" aria-label=\"Leer m\u00e1s sobre Informe Espa\u00f1a 2014\">Leer m\u00e1s <\/a><\/p>\n","protected":false},"author":201,"featured_media":0,"parent":0,"menu_order":0,"comment_status":"closed","ping_status":"closed","template":"","meta":{"footnotes":""},"class_list":["post-3021","page","type-page","status-publish"],"_links":{"self":[{"href":"https:\/\/blogs.comillas.edu\/informeespana\/wp-json\/wp\/v2\/pages\/3021","targetHints":{"allow":["GET"]}}],"collection":[{"href":"https:\/\/blogs.comillas.edu\/informeespana\/wp-json\/wp\/v2\/pages"}],"about":[{"href":"https:\/\/blogs.comillas.edu\/informeespana\/wp-json\/wp\/v2\/types\/page"}],"author":[{"embeddable":true,"href":"https:\/\/blogs.comillas.edu\/informeespana\/wp-json\/wp\/v2\/users\/201"}],"replies":[{"embeddable":true,"href":"https:\/\/blogs.comillas.edu\/informeespana\/wp-json\/wp\/v2\/comments?post=3021"}],"version-history":[{"count":3,"href":"https:\/\/blogs.comillas.edu\/informeespana\/wp-json\/wp\/v2\/pages\/3021\/revisions"}],"predecessor-version":[{"id":4029,"href":"https:\/\/blogs.comillas.edu\/informeespana\/wp-json\/wp\/v2\/pages\/3021\/revisions\/4029"}],"wp:attachment":[{"href":"https:\/\/blogs.comillas.edu\/informeespana\/wp-json\/wp\/v2\/media?parent=3021"}],"curies":[{"name":"wp","href":"https:\/\/api.w.org\/{rel}","templated":true}]}}