{"id":3012,"date":"2019-05-08T10:32:16","date_gmt":"2019-05-08T08:32:16","guid":{"rendered":"https:\/\/blogs.comillas.edu\/informeespana\/?page_id=3012"},"modified":"2019-05-08T14:14:50","modified_gmt":"2019-05-08T12:14:50","slug":"informe-espana-2015","status":"publish","type":"page","link":"https:\/\/blogs.comillas.edu\/informeespana\/informe-espana-2015\/","title":{"rendered":"Informe Espa\u00f1a 2015"},"content":{"rendered":"\n<ul class=\"wp-block-list\"><li><a rel=\"noreferrer noopener\" aria-label=\"Informe completo (abre en una nueva pesta\u00f1a)\" href=\"https:\/\/blogs.comillas.edu\/informeespana\/wp-content\/uploads\/sites\/93\/2019\/05\/Informe-Espa\u00f1a-2015-completo.pdf\" target=\"_blank\">Informe completo<\/a><\/li><li><a rel=\"noreferrer noopener\" aria-label=\"Introducci\u00f3n: Un proyecto de di\u00e1logo y reconciliaci\u00f3n (abre en una nueva pesta\u00f1a)\" href=\"https:\/\/blogs.comillas.edu\/informeespana\/wp-content\/uploads\/sites\/93\/2019\/05\/IE2015Intro.pdf\" target=\"_blank\">Introducci\u00f3n: Un proyecto de di\u00e1logo y reconciliaci\u00f3n<\/a>  <\/li><li>Parte Segunda: Cambio de valores y cultura c\u00edvica en Espa\u00f1a, 1981-2014<\/li><li><a href=\"https:\/\/blogs.comillas.edu\/informeespana\/wp-content\/uploads\/sites\/93\/2019\/05\/IE2015Cap1.pdf\" target=\"_blank\" rel=\"noreferrer noopener\" aria-label=\"Cap\u00edtulo 1: Los retos en el camino hacia la igualdad de g\u00e9nero (abre en una nueva pesta\u00f1a)\">Cap\u00edtulo 1: Los retos en el camino hacia la igualdad de g\u00e9nero<\/a>  <\/li><li><a rel=\"noreferrer noopener\" aria-label=\"Cap\u00edtulo 2: La juventud espa\u00f1ola: el imaginario de la transici\u00f3n permanente (abre en una nueva pesta\u00f1a)\" href=\"https:\/\/blogs.comillas.edu\/informeespana\/wp-content\/uploads\/sites\/93\/2019\/05\/IE2015Cap2.pdf\" target=\"_blank\">Cap\u00edtulo 2: La juventud espa\u00f1ola: el imaginario de la transici\u00f3n permanente<\/a>  <\/li><li><a rel=\"noreferrer noopener\" aria-label=\"Cap\u00edtulo 3: Las personas mayores y el desaf\u00edo (abre en una nueva pesta\u00f1a)\" href=\"https:\/\/blogs.comillas.edu\/informeespana\/wp-content\/uploads\/sites\/93\/2019\/05\/IE2015Cap3.pdf\" target=\"_blank\">Cap\u00edtulo 3: Las personas mayores y el desaf\u00edo<\/a>  <\/li><li><a rel=\"noreferrer noopener\" aria-label=\"Cap\u00edtulo 4: Consenso familista y pacto de protecci\u00f3n infantil en Espa\u00f1a (abre en una nueva pesta\u00f1a)\" href=\"https:\/\/blogs.comillas.edu\/informeespana\/wp-content\/uploads\/sites\/93\/2019\/05\/IE2015Cap4.pdf\" target=\"_blank\">Cap\u00edtulo 4: Consenso familista y pacto de protecci\u00f3n infantil en Espa\u00f1a<\/a> <\/li><li><a rel=\"noreferrer noopener\" aria-label=\"Cap\u00edtulo 5: Migraciones en Espa\u00f1a (abre en una nueva pesta\u00f1a)\" href=\"https:\/\/blogs.comillas.edu\/informeespana\/wp-content\/uploads\/sites\/93\/2019\/05\/IE2015Cap5.pdf\" target=\"_blank\">Cap\u00edtulo 5: Migraciones en Espa\u00f1a<\/a>  <\/li><li><a rel=\"noreferrer noopener\" aria-label=\"Cap\u00edtulo 6: El empleo (abre en una nueva pesta\u00f1a)\" href=\"https:\/\/blogs.comillas.edu\/informeespana\/wp-content\/uploads\/sites\/93\/2019\/05\/IE2015Cap6.pdf\" target=\"_blank\">Cap\u00edtulo 6: El empleo<\/a> <\/li><li><a rel=\"noreferrer noopener\" aria-label=\"Cap\u00edtulo 7: La educaci\u00f3n: retos y propuestas (abre en una nueva pesta\u00f1a)\" href=\"https:\/\/blogs.comillas.edu\/informeespana\/wp-content\/uploads\/sites\/93\/2019\/05\/IE2015Cap7.pdf\" target=\"_blank\">Cap\u00edtulo 7: La educaci\u00f3n: retos y propuestas<\/a> <\/li><li><a rel=\"noreferrer noopener\" aria-label=\"Cap\u00edtulo 8: Crisis econ\u00f3mica, Estado de Bienestar y sistema sanitario (abre en una nueva pesta\u00f1a)\" href=\"https:\/\/blogs.comillas.edu\/informeespana\/wp-content\/uploads\/sites\/93\/2019\/05\/IE2015Cap8.pdf\" target=\"_blank\">Cap\u00edtulo 8: Crisis econ\u00f3mica, Estado de Bienestar y sistema sanitario<\/a> <\/li><li><a rel=\"noreferrer noopener\" aria-label=\"Cap\u00edtulo 9: Los retos del sistema de pensiones en Espa\u00f1a (abre en una nueva pesta\u00f1a)\" href=\"https:\/\/blogs.comillas.edu\/informeespana\/wp-content\/uploads\/sites\/93\/2019\/05\/IE2015Cap9.pdf\" target=\"_blank\">Cap\u00edtulo 9: Los retos del sistema de pensiones en Espa\u00f1a<\/a><\/li><li><a rel=\"noreferrer noopener\" aria-label=\"Cap\u00edtulo 10: Estado de Bienestar y pol\u00edticas sociales: tendencias y perspectivas (abre en una nueva pesta\u00f1a)\" href=\"https:\/\/blogs.comillas.edu\/informeespana\/wp-content\/uploads\/sites\/93\/2019\/05\/IE2015Cap10.pdf\" target=\"_blank\">Cap\u00edtulo 10: Estado de Bienestar y pol\u00edticas sociales: tendencias y perspectivas<\/a> <\/li><li><a rel=\"noreferrer noopener\" aria-label=\"Cap\u00edtulo 11: El rescate europeo de la Uni\u00f3n Europea (abre en una nueva pesta\u00f1a)\" href=\"https:\/\/blogs.comillas.edu\/informeespana\/wp-content\/uploads\/sites\/93\/2019\/05\/IE2015Cap11.pdf\" target=\"_blank\">Cap\u00edtulo 11: El rescate europeo de la Uni\u00f3n Europea<\/a><\/li><li><a rel=\"noreferrer noopener\" aria-label=\"Cap\u00edtulo 12: La descentralizaci\u00f3n pol\u00edtica en Espa\u00f1a (abre en una nueva pesta\u00f1a)\" href=\"https:\/\/blogs.comillas.edu\/informeespana\/wp-content\/uploads\/sites\/93\/2019\/05\/IE2015Cap12.pdf\" target=\"_blank\">Cap\u00edtulo 12: La descentralizaci\u00f3n pol\u00edtica en Espa\u00f1a<\/a> <\/li><li><a rel=\"noreferrer noopener\" aria-label=\"Cap\u00edtulo 13: Mundo, medio y territorio rural  (abre en una nueva pesta\u00f1a)\" href=\"https:\/\/blogs.comillas.edu\/informeespana\/wp-content\/uploads\/sites\/93\/2019\/05\/IE2015Cap13.pdf\" target=\"_blank\">Cap\u00edtulo 13: Mundo, medio y territorio rural <\/a><\/li><li><a rel=\"noreferrer noopener\" aria-label=\"Cap\u00edtulo 14: Energ\u00eda y sostenibilidad (abre en una nueva pesta\u00f1a)\" href=\"https:\/\/blogs.comillas.edu\/informeespana\/wp-content\/uploads\/sites\/93\/2019\/05\/IE2015Cap14.pdf\" target=\"_blank\">Cap\u00edtulo 14: Energ\u00eda y sostenibilidad<\/a><\/li><li><a rel=\"noreferrer noopener\" aria-label=\"Cap\u00edtulo 15: TIC y sociedad: la informaci\u00f3n que se convirti\u00f3 en poder para todos (abre en una nueva pesta\u00f1a)\" href=\"https:\/\/blogs.comillas.edu\/informeespana\/wp-content\/uploads\/sites\/93\/2019\/05\/IE2015Cap15.pdf\" target=\"_blank\">Cap\u00edtulo 15: TIC y sociedad: la informaci\u00f3n que se convirti\u00f3 en poder para todos<\/a><\/li><li><a rel=\"noreferrer noopener\" aria-label=\"Cap\u00edtulo 16: \u00bfNueva pol\u00edtica? Argumentos a favor y dudas razonables  (abre en una nueva pesta\u00f1a)\" href=\"https:\/\/blogs.comillas.edu\/informeespana\/wp-content\/uploads\/sites\/93\/2019\/05\/IE2015Cap16.pdf\" target=\"_blank\">Cap\u00edtulo 16: \u00bfNueva pol\u00edtica? Argumentos a favor y dudas razonables <\/a><\/li><li><a rel=\"noreferrer noopener\" aria-label=\"Cap\u00edtulo 17: Cuando vuelva a salir el sol: poscrisis, participaci\u00f3n y sociedad civil (abre en una nueva pesta\u00f1a)\" href=\"https:\/\/blogs.comillas.edu\/informeespana\/wp-content\/uploads\/sites\/93\/2019\/05\/IE2015Cap17.pdf\" target=\"_blank\">Cap\u00edtulo 17: Cuando vuelva a salir el sol: poscrisis, participaci\u00f3n y sociedad civil<\/a><\/li><li><a rel=\"noreferrer noopener\" aria-label=\"Cap\u00edtulo 18: Las clases sociales en Espa\u00f1a: cambio, composici\u00f3n y consecuencias (abre en una nueva pesta\u00f1a)\" href=\"https:\/\/blogs.comillas.edu\/informeespana\/wp-content\/uploads\/sites\/93\/2019\/05\/IE2015Cap18.pdf\" target=\"_blank\">Cap\u00edtulo 18: Las clases sociales en Espa\u00f1a: cambio, composici\u00f3n y consecuencias<\/a> <\/li><li><a rel=\"noreferrer noopener\" aria-label=\"Cap\u00edtulo 19: M\u00e1s all\u00e1 de una sociedad precaria: de los procesos de exclusi\u00f3n a los procesos de expulsi\u00f3n (abre en una nueva pesta\u00f1a)\" href=\"https:\/\/blogs.comillas.edu\/informeespana\/wp-content\/uploads\/sites\/93\/2019\/05\/IE2015Cap19.pdf\" target=\"_blank\">Cap\u00edtulo 19: M\u00e1s all\u00e1 de una sociedad precaria: de los procesos de exclusi\u00f3n a los procesos de expulsi\u00f3n<\/a> <\/li><li><a rel=\"noreferrer noopener\" aria-label=\"Cap\u00edtulo 20: La innovaci\u00f3n social ante los desaf\u00edos del bienestar (abre en una nueva pesta\u00f1a)\" href=\"https:\/\/blogs.comillas.edu\/informeespana\/wp-content\/uploads\/sites\/93\/2019\/05\/IE2015Cap20.pdf\" target=\"_blank\">Cap\u00edtulo 20: La innovaci\u00f3n social ante los desaf\u00edos del bienestar<\/a> <\/li><\/ul>\n\n\n\n<p><\/p>\n","protected":false},"excerpt":{"rendered":"<p>Informe completo Introducci\u00f3n: Un proyecto de di\u00e1logo y reconciliaci\u00f3n Parte Segunda: Cambio de valores y cultura c\u00edvica en Espa\u00f1a, 1981-2014 Cap\u00edtulo 1: Los retos en el camino hacia la igualdad de g\u00e9nero Cap\u00edtulo 2: La juventud espa\u00f1ola: el imaginario de la transici\u00f3n permanente Cap\u00edtulo 3: Las personas mayores y el desaf\u00edo Cap\u00edtulo 4: Consenso familista &#8230; <a title=\"Informe Espa\u00f1a 2015\" class=\"read-more\" href=\"https:\/\/blogs.comillas.edu\/informeespana\/informe-espana-2015\/\" aria-label=\"Leer m\u00e1s sobre Informe Espa\u00f1a 2015\">Leer m\u00e1s <\/a><\/p>\n","protected":false},"author":201,"featured_media":0,"parent":0,"menu_order":0,"comment_status":"closed","ping_status":"closed","template":"","meta":{"footnotes":""},"class_list":["post-3012","page","type-page","status-publish"],"_links":{"self":[{"href":"https:\/\/blogs.comillas.edu\/informeespana\/wp-json\/wp\/v2\/pages\/3012","targetHints":{"allow":["GET"]}}],"collection":[{"href":"https:\/\/blogs.comillas.edu\/informeespana\/wp-json\/wp\/v2\/pages"}],"about":[{"href":"https:\/\/blogs.comillas.edu\/informeespana\/wp-json\/wp\/v2\/types\/page"}],"author":[{"embeddable":true,"href":"https:\/\/blogs.comillas.edu\/informeespana\/wp-json\/wp\/v2\/users\/201"}],"replies":[{"embeddable":true,"href":"https:\/\/blogs.comillas.edu\/informeespana\/wp-json\/wp\/v2\/comments?post=3012"}],"version-history":[{"count":6,"href":"https:\/\/blogs.comillas.edu\/informeespana\/wp-json\/wp\/v2\/pages\/3012\/revisions"}],"predecessor-version":[{"id":3993,"href":"https:\/\/blogs.comillas.edu\/informeespana\/wp-json\/wp\/v2\/pages\/3012\/revisions\/3993"}],"wp:attachment":[{"href":"https:\/\/blogs.comillas.edu\/informeespana\/wp-json\/wp\/v2\/media?parent=3012"}],"curies":[{"name":"wp","href":"https:\/\/api.w.org\/{rel}","templated":true}]}}