{"id":3006,"date":"2019-05-08T10:25:44","date_gmt":"2019-05-08T08:25:44","guid":{"rendered":"https:\/\/blogs.comillas.edu\/informeespana\/?page_id=3006"},"modified":"2019-05-08T13:59:08","modified_gmt":"2019-05-08T11:59:08","slug":"informe-espana-2016","status":"publish","type":"page","link":"https:\/\/blogs.comillas.edu\/informeespana\/informe-espana-2016\/","title":{"rendered":"Informe Espa\u00f1a 2016"},"content":{"rendered":"\n<ul class=\"wp-block-list\"><li><a rel=\"noreferrer noopener\" aria-label=\"Informe completo (abre en una nueva pesta\u00f1a)\" href=\"https:\/\/blogs.comillas.edu\/informeespana\/wp-content\/uploads\/sites\/93\/2019\/05\/Informe-Espa\u00f1a-2016-completo.pdf\" target=\"_blank\">Informe completo<\/a><\/li><li><a rel=\"noreferrer noopener\" aria-label=\"Consideraciones Generales (abre en una nueva pesta\u00f1a)\" href=\"https:\/\/blogs.comillas.edu\/informeespana\/wp-content\/uploads\/sites\/93\/2019\/05\/IE2016ConGen.pdf\" target=\"_blank\">Consideraciones Generales<\/a><\/li><li><a rel=\"noreferrer noopener\" aria-label=\"Parte Segunda: La nueva ciudadan\u00eda necesaria (abre en una nueva pesta\u00f1a)\" href=\"https:\/\/blogs.comillas.edu\/informeespana\/wp-content\/uploads\/sites\/93\/2019\/05\/IE2016Parte-2\u00aa.pdf\" target=\"_blank\">Parte Segunda: La nueva ciudadan\u00eda necesaria<\/a> <\/li><li><a href=\"https:\/\/blogs.comillas.edu\/informeespana\/wp-content\/uploads\/sites\/93\/2019\/05\/IE2016Cap1.pdf\" target=\"_blank\" rel=\"noreferrer noopener\" aria-label=\"Cap\u00edtulo 1: Innovaci\u00f3n y reestructuraci\u00f3n educativa en Espa\u00f1a: las escuelas del nuevo siglo (abre en una nueva pesta\u00f1a)\">Cap\u00edtulo 1: Innovaci\u00f3n y reestructuraci\u00f3n educativa en Espa\u00f1a: las escuelas del nuevo siglo<\/a><\/li><li><a rel=\"noreferrer noopener\" aria-label=\"Cap\u00edtulo 2: La violencia contra las mujeres en Espa\u00f1a (abre en una nueva pesta\u00f1a)\" href=\"https:\/\/blogs.comillas.edu\/informeespana\/wp-content\/uploads\/sites\/93\/2019\/05\/IE2016Cap2.pdf\" target=\"_blank\">Cap\u00edtulo 2: La violencia contra las mujeres en Espa\u00f1a<\/a>  <\/li><li><a rel=\"noreferrer noopener\" aria-label=\"Cap\u00edtulo 3: La crisis de los refugiados en Europa (abre en una nueva pesta\u00f1a)\" href=\"https:\/\/blogs.comillas.edu\/informeespana\/wp-content\/uploads\/sites\/93\/2019\/05\/IE2016Cap3.pdf\" target=\"_blank\">Cap\u00edtulo 3: La crisis de los refugiados en Europa<\/a> <\/li><li><a rel=\"noreferrer noopener\" aria-label=\"Cap\u00edtulo 4: La integraci\u00f3n digital de las familias espa\u00f1olas (abre en una nueva pesta\u00f1a)\" href=\"https:\/\/blogs.comillas.edu\/informeespana\/wp-content\/uploads\/sites\/93\/2019\/05\/IE2016Cap4.pdf\" target=\"_blank\">Cap\u00edtulo 4: La integraci\u00f3n digital de las familias espa\u00f1olas<\/a> <\/li><\/ul>\n","protected":false},"excerpt":{"rendered":"<p>Informe completo Consideraciones Generales Parte Segunda: La nueva ciudadan\u00eda necesaria Cap\u00edtulo 1: Innovaci\u00f3n y reestructuraci\u00f3n educativa en Espa\u00f1a: las escuelas del nuevo siglo Cap\u00edtulo 2: La violencia contra las mujeres en Espa\u00f1a Cap\u00edtulo 3: La crisis de los refugiados en Europa Cap\u00edtulo 4: La integraci\u00f3n digital de las familias espa\u00f1olas<\/p>\n","protected":false},"author":201,"featured_media":0,"parent":0,"menu_order":0,"comment_status":"closed","ping_status":"closed","template":"","meta":{"footnotes":""},"class_list":["post-3006","page","type-page","status-publish"],"_links":{"self":[{"href":"https:\/\/blogs.comillas.edu\/informeespana\/wp-json\/wp\/v2\/pages\/3006","targetHints":{"allow":["GET"]}}],"collection":[{"href":"https:\/\/blogs.comillas.edu\/informeespana\/wp-json\/wp\/v2\/pages"}],"about":[{"href":"https:\/\/blogs.comillas.edu\/informeespana\/wp-json\/wp\/v2\/types\/page"}],"author":[{"embeddable":true,"href":"https:\/\/blogs.comillas.edu\/informeespana\/wp-json\/wp\/v2\/users\/201"}],"replies":[{"embeddable":true,"href":"https:\/\/blogs.comillas.edu\/informeespana\/wp-json\/wp\/v2\/comments?post=3006"}],"version-history":[{"count":2,"href":"https:\/\/blogs.comillas.edu\/informeespana\/wp-json\/wp\/v2\/pages\/3006\/revisions"}],"predecessor-version":[{"id":3975,"href":"https:\/\/blogs.comillas.edu\/informeespana\/wp-json\/wp\/v2\/pages\/3006\/revisions\/3975"}],"wp:attachment":[{"href":"https:\/\/blogs.comillas.edu\/informeespana\/wp-json\/wp\/v2\/media?parent=3006"}],"curies":[{"name":"wp","href":"https:\/\/api.w.org\/{rel}","templated":true}]}}