{"id":202,"date":"2016-11-15T08:24:34","date_gmt":"2016-11-15T08:24:34","guid":{"rendered":"https:\/\/blogs.comillas.edu\/FronterasCTR\/?page_id=202"},"modified":"2022-12-14T15:38:32","modified_gmt":"2022-12-14T14:38:32","slug":"catedra-ctr","status":"publish","type":"page","link":"https:\/\/blogs.comillas.edu\/FronterasCTR\/?page_id=202","title":{"rendered":"C\u00e1tedra CTR"},"content":{"rendered":"<p>La revista FronterasCTR forma parte de la <a href=\"https:\/\/www.comillas.edu\/catedra-hana-francisco-jose-ayala-ctr\">C\u00e1tedra Hana y Francisco Jos\u00e9 Ayala de Ciencia, Tecnolog\u00eda y Religi\u00f3n<\/a><\/p>\n","protected":false},"excerpt":{"rendered":"<p>La revista FronterasCTR forma parte de la C\u00e1tedra Hana y Francisco Jos\u00e9 Ayala de Ciencia, Tecnolog\u00eda y Religi\u00f3n<\/p>\n","protected":false},"author":201,"featured_media":0,"parent":0,"menu_order":0,"comment_status":"closed","ping_status":"closed","template":"","meta":{"generate_page_header":"","footnotes":""},"class_list":["post-202","page","type-page","status-publish"],"_links":{"self":[{"href":"https:\/\/blogs.comillas.edu\/FronterasCTR\/index.php?rest_route=\/wp\/v2\/pages\/202","targetHints":{"allow":["GET"]}}],"collection":[{"href":"https:\/\/blogs.comillas.edu\/FronterasCTR\/index.php?rest_route=\/wp\/v2\/pages"}],"about":[{"href":"https:\/\/blogs.comillas.edu\/FronterasCTR\/index.php?rest_route=\/wp\/v2\/types\/page"}],"author":[{"embeddable":true,"href":"https:\/\/blogs.comillas.edu\/FronterasCTR\/index.php?rest_route=\/wp\/v2\/users\/201"}],"replies":[{"embeddable":true,"href":"https:\/\/blogs.comillas.edu\/FronterasCTR\/index.php?rest_route=%2Fwp%2Fv2%2Fcomments&post=202"}],"version-history":[{"count":4,"href":"https:\/\/blogs.comillas.edu\/FronterasCTR\/index.php?rest_route=\/wp\/v2\/pages\/202\/revisions"}],"predecessor-version":[{"id":7281,"href":"https:\/\/blogs.comillas.edu\/FronterasCTR\/index.php?rest_route=\/wp\/v2\/pages\/202\/revisions\/7281"}],"wp:attachment":[{"href":"https:\/\/blogs.comillas.edu\/FronterasCTR\/index.php?rest_route=%2Fwp%2Fv2%2Fmedia&parent=202"}],"curies":[{"name":"wp","href":"https:\/\/api.w.org\/{rel}","templated":true}]}}