{"id":133,"date":"2016-11-14T09:00:27","date_gmt":"2016-11-14T09:00:27","guid":{"rendered":"https:\/\/blogs.comillas.edu\/FronterasCTR\/?page_id=133"},"modified":"2023-01-13T11:31:06","modified_gmt":"2023-01-13T10:31:06","slug":"quienes-somos","status":"publish","type":"page","link":"https:\/\/blogs.comillas.edu\/FronterasCTR\/?page_id=133","title":{"rendered":"Qui\u00e9nes somos"},"content":{"rendered":"<p>La revista electr\u00f3nica <strong><em>FronterasCTR<\/em><\/strong> inicia su andadura en 2017 con el objetivo de convertirse en uno de los canales de difusi\u00f3n de la <a href=\"https:\/\/www.comillas.edu\/catedra-hana-francisco-jose-ayala-ctr\">C\u00e1tedra Hana y Francisco Jos\u00e9 Ayala de Ciencia, Tecnolog\u00eda y Religi\u00f3n (<\/a>Universidad Pontifica Comillas, Madrid).<\/p>\n<p>Se trata una revista que acoge y publica art\u00edculos, rese\u00f1as y comentarios de nivel medio (alta divulgaci\u00f3n) sobre todas aquellas problem\u00e1ticas que entran en alguna de las l\u00edneas de investigaci\u00f3n de la C\u00e1tedra CTR.<\/p>\n<p>Los art\u00edculos se publican los lunes durante el per\u00edodo acad\u00e9mico. Es de libre acceso, si deseas enviar un art\u00edculo escribe a ryfsecretaria@comillas.edu<\/p>\n<p><em>FronterasCTR<\/em> es heredera de <em>Tendencias de las religiones<\/em>, una secci\u00f3n iniciada en 2006 con el asesoramiento de la C\u00e1tedra CTR pero perteneciente a la revista digital y medio audiovisual on-line <a href=\"http:\/\/www.tendencias21.net\" target=\"_blank\" rel=\"noopener noreferrer\"><em>Tendencias21<\/em><\/a>.<\/p>\n<p>El <strong>ISSN<\/strong> de <em>FronterasCTR<\/em> es: <strong>2530-657X<\/strong><\/p>\n<p>Los primeros editores de<em> FronterasCTR<\/em> fueron los profesores <strong>Leandro Sequeiros, SJ<\/strong> y <strong>Javier Monserrat, SJ.<\/strong><\/p>\n<p>Actualmente la edita la direcci\u00f3n (<strong>Sara Lumbreras<\/strong> y <strong>Jaime Tatay, SJ<\/strong>) y la secretar\u00eda (<strong>Marta Medina<\/strong>) de <a href=\"https:\/\/revistas.comillas.edu\/index.php\/razonyfe\">Raz\u00f3n y fe<\/a>, revista de la <a href=\"https:\/\/www.comillas.edu\/catedra-hana-francisco-jose-ayala-ctr\">C\u00e1tedra Hana y Francisco Jos\u00e9 Ayala de Ciencia, Tecnolog\u00eda y Religi\u00f3n<\/a>.<\/p>\n","protected":false},"excerpt":{"rendered":"<p>La revista electr\u00f3nica FronterasCTR inicia su andadura en 2017 con el objetivo de convertirse en uno de los canales de difusi\u00f3n de la C\u00e1tedra Hana y Francisco Jos\u00e9 Ayala de Ciencia, Tecnolog\u00eda y Religi\u00f3n (Universidad Pontifica Comillas, Madrid). Se trata una revista que acoge y publica art\u00edculos, rese\u00f1as y comentarios de nivel medio (alta divulgaci\u00f3n) &#8230; <a title=\"Qui\u00e9nes somos\" class=\"read-more\" href=\"https:\/\/blogs.comillas.edu\/FronterasCTR\/?page_id=133\" aria-label=\"Leer m\u00e1s sobre Qui\u00e9nes somos\">Leer m\u00e1s<\/a><\/p>\n","protected":false},"author":201,"featured_media":0,"parent":0,"menu_order":0,"comment_status":"closed","ping_status":"closed","template":"","meta":{"generate_page_header":"","footnotes":""},"class_list":["post-133","page","type-page","status-publish"],"_links":{"self":[{"href":"https:\/\/blogs.comillas.edu\/FronterasCTR\/index.php?rest_route=\/wp\/v2\/pages\/133","targetHints":{"allow":["GET"]}}],"collection":[{"href":"https:\/\/blogs.comillas.edu\/FronterasCTR\/index.php?rest_route=\/wp\/v2\/pages"}],"about":[{"href":"https:\/\/blogs.comillas.edu\/FronterasCTR\/index.php?rest_route=\/wp\/v2\/types\/page"}],"author":[{"embeddable":true,"href":"https:\/\/blogs.comillas.edu\/FronterasCTR\/index.php?rest_route=\/wp\/v2\/users\/201"}],"replies":[{"embeddable":true,"href":"https:\/\/blogs.comillas.edu\/FronterasCTR\/index.php?rest_route=%2Fwp%2Fv2%2Fcomments&post=133"}],"version-history":[{"count":16,"href":"https:\/\/blogs.comillas.edu\/FronterasCTR\/index.php?rest_route=\/wp\/v2\/pages\/133\/revisions"}],"predecessor-version":[{"id":7386,"href":"https:\/\/blogs.comillas.edu\/FronterasCTR\/index.php?rest_route=\/wp\/v2\/pages\/133\/revisions\/7386"}],"wp:attachment":[{"href":"https:\/\/blogs.comillas.edu\/FronterasCTR\/index.php?rest_route=%2Fwp%2Fv2%2Fmedia&parent=133"}],"curies":[{"name":"wp","href":"https:\/\/api.w.org\/{rel}","templated":true}]}}